{"id":118,"date":"2024-11-01T20:58:00","date_gmt":"2024-11-01T20:58:00","guid":{"rendered":"https:\/\/www.lazne-bitov.cz\/?page_id=118"},"modified":"2025-01-21T18:28:52","modified_gmt":"2025-01-21T18:28:52","slug":"kontakty","status":"publish","type":"page","link":"https:\/\/www.lazne-bitov.cz\/?page_id=118","title":{"rendered":"Kontakty"},"content":{"rendered":"\n<div class=\"wp-block-columns is-layout-flex wp-container-core-columns-is-layout-9d6595d7 wp-block-columns-is-layout-flex\">\n<div class=\"wp-block-column is-layout-flow wp-block-column-is-layout-flow\">\n<h2 class=\"wp-block-heading\">ADRESA<\/h2>\n\n\n\n<p>***Hotel a l\u00e1zn\u011b B\u00edtov<\/p>\n\n\n\n<p>B\u00edtov 87<\/p>\n\n\n\n<p>671 10 B\u00cdTOV<\/p>\n\n\n\n<p>\u00a0<\/p>\n<p><strong>Vlastn\u00edk &#8211; provozovatel<\/strong><\/p>\n<p>MINERAL MORAVIA invest s.r.o.<\/p>\n<p>Potock\u00e1 58\/7<\/p>\n<p>623 00 Brno<\/p>\n<p>I\u010c\u00a0 : 29194539<\/p>\n<p>DI\u010c : CZ29194539<\/p>\n<\/div>\n\n\n\n<div class=\"wp-block-column is-layout-flow wp-block-column-is-layout-flow\">\n<h2 class=\"wp-block-heading\">RECEPCE<\/h2>\n\n\n\n<div class=\"wp-block-media-text is-stacked-on-mobile\" style=\"grid-template-columns:20% auto\"><figure class=\"wp-block-media-text__media\"><img loading=\"lazy\" decoding=\"async\" width=\"364\" height=\"1024\" src=\"https:\/\/www.lazne-bitov.cz\/wp-content\/uploads\/2025\/01\/kon-364x1024.png\" alt=\"\" class=\"wp-image-349 size-full\" srcset=\"https:\/\/www.lazne-bitov.cz\/wp-content\/uploads\/2025\/01\/kon-364x1024.png 364w, https:\/\/www.lazne-bitov.cz\/wp-content\/uploads\/2025\/01\/kon-107x300.png 107w, https:\/\/www.lazne-bitov.cz\/wp-content\/uploads\/2025\/01\/kon-768x2160.png 768w, https:\/\/www.lazne-bitov.cz\/wp-content\/uploads\/2025\/01\/kon-546x1536.png 546w, https:\/\/www.lazne-bitov.cz\/wp-content\/uploads\/2025\/01\/kon-728x2048.png 728w\" sizes=\"auto, (max-width: 364px) 100vw, 364px\" \/><\/figure><div class=\"wp-block-media-text__content\">\n<p>recepce@hotel-bitov.cz<\/p>\n\n\n\n<hr class=\"wp-block-separator has-alpha-channel-opacity\"\/>\n\n\n\n<p>+420 515 294 011<\/p>\n\n\n\n<hr class=\"wp-block-separator has-alpha-channel-opacity\"\/>\n\n\n\n<p>+420 607 874 922<\/p>\n<\/div><\/div>\n<\/div>\n<\/div>\n\n\n\n<div class=\"wp-block-columns is-layout-flex wp-container-core-columns-is-layout-9d6595d7 wp-block-columns-is-layout-flex\">\n<div class=\"wp-block-column is-layout-flow wp-block-column-is-layout-flow\"><\/div>\n\n\n\n<div class=\"wp-block-column is-layout-flow wp-block-column-is-layout-flow\"><\/div>\n<\/div>\n\n\n\n<div class=\"wp-block-columns is-layout-flex wp-container-core-columns-is-layout-9d6595d7 wp-block-columns-is-layout-flex\">\n<div class=\"wp-block-column is-layout-flow wp-block-column-is-layout-flow\"><\/div>\n\n\n\n<div class=\"wp-block-column is-layout-flow wp-block-column-is-layout-flow\"><\/div>\n<\/div>\n","protected":false},"excerpt":{"rendered":"<p>ADRESA ***Hotel a l\u00e1zn\u011b B\u00edtov B\u00edtov 87 671 10 B\u00cdTOV \u00a0 Vlastn\u00edk &#8211; provozovatel MINERAL MORAVIA invest s.r.o. Potock\u00e1 58\/7 623 00 Brno I\u010c\u00a0 : 29194539 DI\u010c : CZ29194539 RECEPCE recepce@hotel-bitov.cz +420 515 294 011 +420 607 874 922<\/p>\n","protected":false},"author":1,"featured_media":0,"parent":0,"menu_order":0,"comment_status":"closed","ping_status":"closed","template":"","meta":{"footnotes":""},"class_list":["post-118","page","type-page","status-publish","hentry"],"_links":{"self":[{"href":"https:\/\/www.lazne-bitov.cz\/index.php?rest_route=\/wp\/v2\/pages\/118","targetHints":{"allow":["GET"]}}],"collection":[{"href":"https:\/\/www.lazne-bitov.cz\/index.php?rest_route=\/wp\/v2\/pages"}],"about":[{"href":"https:\/\/www.lazne-bitov.cz\/index.php?rest_route=\/wp\/v2\/types\/page"}],"author":[{"embeddable":true,"href":"https:\/\/www.lazne-bitov.cz\/index.php?rest_route=\/wp\/v2\/users\/1"}],"replies":[{"embeddable":true,"href":"https:\/\/www.lazne-bitov.cz\/index.php?rest_route=%2Fwp%2Fv2%2Fcomments&post=118"}],"version-history":[{"count":0,"href":"https:\/\/www.lazne-bitov.cz\/index.php?rest_route=\/wp\/v2\/pages\/118\/revisions"}],"wp:attachment":[{"href":"https:\/\/www.lazne-bitov.cz\/index.php?rest_route=%2Fwp%2Fv2%2Fmedia&parent=118"}],"curies":[{"name":"wp","href":"https:\/\/api.w.org\/{rel}","templated":true}]}}