{"id":130,"date":"2024-11-01T21:34:58","date_gmt":"2024-11-01T21:34:58","guid":{"rendered":"https:\/\/www.lazne-bitov.cz\/?page_id=130"},"modified":"2025-01-18T19:55:15","modified_gmt":"2025-01-18T19:55:15","slug":"damska-jizda","status":"publish","type":"page","link":"https:\/\/www.lazne-bitov.cz\/?page_id=130","title":{"rendered":"D\u00e1msk\u00e1 j\u00edzda"},"content":{"rendered":"","protected":false},"excerpt":{"rendered":"","protected":false},"author":1,"featured_media":0,"parent":0,"menu_order":0,"comment_status":"closed","ping_status":"closed","template":"","meta":{"footnotes":""},"class_list":["post-130","page","type-page","status-publish","hentry"],"_links":{"self":[{"href":"https:\/\/www.lazne-bitov.cz\/index.php?rest_route=\/wp\/v2\/pages\/130","targetHints":{"allow":["GET"]}}],"collection":[{"href":"https:\/\/www.lazne-bitov.cz\/index.php?rest_route=\/wp\/v2\/pages"}],"about":[{"href":"https:\/\/www.lazne-bitov.cz\/index.php?rest_route=\/wp\/v2\/types\/page"}],"author":[{"embeddable":true,"href":"https:\/\/www.lazne-bitov.cz\/index.php?rest_route=\/wp\/v2\/users\/1"}],"replies":[{"embeddable":true,"href":"https:\/\/www.lazne-bitov.cz\/index.php?rest_route=%2Fwp%2Fv2%2Fcomments&post=130"}],"version-history":[{"count":0,"href":"https:\/\/www.lazne-bitov.cz\/index.php?rest_route=\/wp\/v2\/pages\/130\/revisions"}],"wp:attachment":[{"href":"https:\/\/www.lazne-bitov.cz\/index.php?rest_route=%2Fwp%2Fv2%2Fmedia&parent=130"}],"curies":[{"name":"wp","href":"https:\/\/api.w.org\/{rel}","templated":true}]}}