{"id":203,"date":"2024-11-03T11:05:42","date_gmt":"2024-11-03T11:05:42","guid":{"rendered":"https:\/\/www.lazne-bitov.cz\/?page_id=203"},"modified":"2024-11-03T12:37:22","modified_gmt":"2024-11-03T12:37:22","slug":"parafangovy-zabal","status":"publish","type":"page","link":"https:\/\/www.lazne-bitov.cz\/?page_id=203","title":{"rendered":"Parafangov\u00fd z\u00e1bal"},"content":{"rendered":"\n<p>Parafango je \u010dasto pou\u017e\u00edvanou procedurou z \u0159ady termoterapie, kter\u00e1 podobn\u011b jako u paraf\u00ednov\u00fdch z\u00e1bal\u016f vyu\u017e\u00edv\u00e1 p\u0159enosu specifick\u00e9ho tepla parafanga (sm\u011bsi paraf\u00ednu a ne\u0159ed\u011bn\u00e9ho peloidu) t\u011blu pacienta. Teplota parafanga je obvykle 50 stup\u0148\u016f Celsia. Teplo absorbuje nejprve k\u016f\u017ee, co\u017e vede ke zv\u00fd\u0161en\u00ed prokrven\u00ed poko\u017eky, a pozd\u011bji je teplo p\u0159en\u00e1\u0161eno do hlub\u0161\u00edch struktur organismu, kde p\u016fsob\u00ed protiz\u00e1n\u011btliv\u011b. Tyto z\u00e1baly jsou doporu\u010dov\u00e1ny p\u0159i obt\u00ed\u017e\u00edch pohybov\u00e9ho apar\u00e1tu a jako kosmetick\u00e1 terapie.<\/p>\n\n\n\n<div class=\"wp-block-media-text is-stacked-on-mobile\"><figure class=\"wp-block-media-text__media\"><img loading=\"lazy\" decoding=\"async\" width=\"1024\" height=\"727\" src=\"http:\/\/www.lazne-bitov.cz\/wp-content\/uploads\/2024\/11\/parafango-web-1024x727.png\" alt=\"\" class=\"wp-image-199 size-full\" srcset=\"https:\/\/www.lazne-bitov.cz\/wp-content\/uploads\/2024\/11\/parafango-web-1024x727.png 1024w, https:\/\/www.lazne-bitov.cz\/wp-content\/uploads\/2024\/11\/parafango-web-300x213.png 300w, https:\/\/www.lazne-bitov.cz\/wp-content\/uploads\/2024\/11\/parafango-web-768x546.png 768w, https:\/\/www.lazne-bitov.cz\/wp-content\/uploads\/2024\/11\/parafango-web-1536x1091.png 1536w, https:\/\/www.lazne-bitov.cz\/wp-content\/uploads\/2024\/11\/parafango-web-2048x1455.png 2048w\" sizes=\"auto, (max-width: 1024px) 100vw, 1024px\" \/><\/figure><div class=\"wp-block-media-text__content\">\n<p><strong>Z\u00e1bal se aplikuje p\u0159ikl\u00e1d\u00e1n\u00edm pl\u00e1t\u016f parafanga o tlou\u0161\u0165ce p\u0159ibli\u017en\u011b 1 cm v okam\u017eiku jeho tuhnut\u00ed. Podle origin\u00e1ln\u00ed technologie se parafango p\u0159ipravuje m\u00edsen\u00edm spra\u0161e z vysu\u0161en\u00e9ho bahna s \u010dist\u00fdm tvrd\u00fdm paraf\u00ednem a paraf\u00ednov\u00fdm olejem. Sm\u011bs se nah\u0159\u00edv\u00e1 do tekut\u00e9ho stavu. Jde o \u0161etrn\u011bj\u0161\u00ed lok\u00e1ln\u00ed tepelnou z\u00e1t\u011b\u017e t\u011bla, proto\u017ee nejde o \u010dist\u00fd paraf\u00edn a doch\u00e1z\u00ed k p\u0159ed\u00e1n\u00ed men\u0161\u00edho mno\u017estv\u00ed skupensk\u00e9ho tepla tuhnut\u00ed.<\/strong><\/p>\n<\/div><\/div>\n\n\n<p style=\"text-align: left;\">Parafangov\u00e9 proticelulit\u00eddov\u00e9 ze\u0161t\u00edhluj\u00edc\u00ed z\u00e1baly z mo\u0159sk\u00e9ho bahna s paraf\u00ednem pat\u0159\u00ed k \u00fa\u010dinn\u00fdm a dostupn\u00fdm o\u0161et\u0159en\u00edm na formov\u00e1n\u00ed postavy. Jsou ur\u010deny v\u0161em, kte\u0159\u00ed tou\u017e\u00ed po lep\u0161\u00ed postav\u011b, maj\u00ed probl\u00e9my s celulit\u00eddou, tr\u00e1p\u00ed je strie nebo nadv\u00e1ha. Parafango d\u00edky sv\u00fdm remineraliza\u010dn\u00edm \u00fa\u010dink\u016fm zrychluje v t\u011ble tok lymfy. Lymfa m\u00e1 mimo jin\u00e9 za \u00fakol odstran\u011bn\u00ed v\u0161ech \u0161kodliv\u00fdch l\u00e1tek z okol\u00ed tukov\u00fdch bun\u011bk. Technika z\u00e1balu vyv\u00edj\u00ed kompresi na poko\u017eku a na m\u011bkk\u00e9 tukov\u00e9 tk\u00e1n\u011b, v d\u016fsledku \u010deho\u017e bude poko\u017eka pevn\u011bj\u0161\u00ed. Po o\u0161et\u0159en\u00ed se doporu\u010duje dodr\u017eovat pitn\u00fd re\u017eim.<\/p>\n<h2>Indikace<\/h2>\n<p>Nejd\u016fle\u017eit\u011bj\u0161\u00edm efektem je roz\u0161\u00ed\u0159en\u00ed podko\u017en\u00edch c\u00e9v, prokrven\u00ed tk\u00e1n\u011b, m\u00edstn\u00ed zv\u00fd\u0161en\u00ed krevn\u00edho pr\u016ftoku. B\u011bhem aplikace pacient poci\u0165uje hlubok\u00e9 proh\u0159\u00e1t\u00ed a \u00falevu. Aplikace parafanga je nejdostupn\u011bj\u0161\u00ed metodou lok\u00e1ln\u00ed termoterapie a je tak\u00e9 nejl\u00e9pe tolerov\u00e1na. Teplo zlep\u0161uje pohyblivost kloub\u016f a krevn\u00ed ob\u011bh. Po kosmetick\u00e9 str\u00e1nce parafango zna\u010dn\u011b zpev\u0148uje ochabl\u00e9 svaly, p\u016fsob\u00ed na rozpou\u0161t\u011bn\u00ed tuk\u016f, p\u016fsob\u00ed proti otok\u016fm, viditeln\u00e9 je i zlep\u0161en\u00ed stavu poko\u017eky p\u0159i celulitid\u011b a stri\u00edch. Poko\u017eka z\u016fst\u00e1v\u00e1 skv\u011ble prokrven\u00e1 a napnut\u00e1.<\/p>\n<h2><span id=\"Kontraindikace\" class=\"ez-toc-section\"><\/span>Kontraindikace<\/h2>\n<p>Parafango je nevhodn\u00e9 pou\u017e\u00edvat p\u0159i otev\u0159en\u00fdch ran\u00e1ch, na m\u00edstech s poru\u0161en\u00fdm krevn\u00edm ob\u011bhem a p\u0159i zhoubn\u00fdch n\u00e1dorech.<\/p>\n\n\n<p><strong>Trv\u00e1n\u00ed procedury : 30 minut\u00a0\u00a0<\/strong><\/p>\n\n\n\n<p><\/p>\n","protected":false},"excerpt":{"rendered":"<p>Parafango je \u010dasto pou\u017e\u00edvanou procedurou z \u0159ady termoterapie, kter\u00e1 podobn\u011b jako u paraf\u00ednov\u00fdch z\u00e1bal\u016f vyu\u017e\u00edv\u00e1 p\u0159enosu specifick\u00e9ho tepla parafanga (sm\u011bsi paraf\u00ednu a ne\u0159ed\u011bn\u00e9ho peloidu) t\u011blu pacienta. Teplota parafanga je obvykle 50 stup\u0148\u016f Celsia. Teplo absorbuje nejprve k\u016f\u017ee, co\u017e vede ke zv\u00fd\u0161en\u00ed prokrven\u00ed poko\u017eky, a pozd\u011bji je teplo p\u0159en\u00e1\u0161eno do hlub\u0161\u00edch struktur organismu, kde p\u016fsob\u00ed protiz\u00e1n\u011btliv\u011b. Tyto z\u00e1baly jsou doporu\u010dov\u00e1ny p\u0159i obt\u00ed\u017e\u00edch pohybov\u00e9ho apar\u00e1tu a jako kosmetick\u00e1 terapie. Z\u00e1bal se aplikuje p\u0159ikl\u00e1d\u00e1n\u00edm pl\u00e1t\u016f parafanga o tlou\u0161\u0165ce p\u0159ibli\u017en\u011b 1 cm v okam\u017eiku jeho tuhnut\u00ed. Podle origin\u00e1ln\u00ed technologie se parafango p\u0159ipravuje m\u00edsen\u00edm spra\u0161e z vysu\u0161en\u00e9ho bahna s \u010dist\u00fdm tvrd\u00fdm paraf\u00ednem a paraf\u00ednov\u00fdm olejem. &hellip; <\/p>\n","protected":false},"author":1,"featured_media":0,"parent":0,"menu_order":0,"comment_status":"closed","ping_status":"closed","template":"","meta":{"footnotes":""},"class_list":["post-203","page","type-page","status-publish","hentry"],"_links":{"self":[{"href":"https:\/\/www.lazne-bitov.cz\/index.php?rest_route=\/wp\/v2\/pages\/203","targetHints":{"allow":["GET"]}}],"collection":[{"href":"https:\/\/www.lazne-bitov.cz\/index.php?rest_route=\/wp\/v2\/pages"}],"about":[{"href":"https:\/\/www.lazne-bitov.cz\/index.php?rest_route=\/wp\/v2\/types\/page"}],"author":[{"embeddable":true,"href":"https:\/\/www.lazne-bitov.cz\/index.php?rest_route=\/wp\/v2\/users\/1"}],"replies":[{"embeddable":true,"href":"https:\/\/www.lazne-bitov.cz\/index.php?rest_route=%2Fwp%2Fv2%2Fcomments&post=203"}],"version-history":[{"count":0,"href":"https:\/\/www.lazne-bitov.cz\/index.php?rest_route=\/wp\/v2\/pages\/203\/revisions"}],"wp:attachment":[{"href":"https:\/\/www.lazne-bitov.cz\/index.php?rest_route=%2Fwp%2Fv2%2Fmedia&parent=203"}],"curies":[{"name":"wp","href":"https:\/\/api.w.org\/{rel}","templated":true}]}}