{"id":205,"date":"2024-11-03T11:06:04","date_gmt":"2024-11-03T11:06:04","guid":{"rendered":"https:\/\/www.lazne-bitov.cz\/?page_id=205"},"modified":"2024-11-03T14:10:32","modified_gmt":"2024-11-03T14:10:32","slug":"raselinovy-zabal","status":"publish","type":"page","link":"https:\/\/www.lazne-bitov.cz\/?page_id=205","title":{"rendered":"Ra\u0161elinov\u00fd z\u00e1bal"},"content":{"rendered":"\n<p>Mo\u017en\u00e1 jste se ji\u017e s ra\u0161elinou setkali a ani jste si neuv\u011bdomili, s jakou vz\u00e1cnou hmotou m\u00e1te co do \u010din\u011bn\u00ed. Ra\u0161elina je pro n\u00e1s opravdov\u00fdm pokladem. Vznikala v\u00edce ne\u017e tis\u00edcilet\u00ed a b\u011bhem tohoto obdob\u00ed se v n\u00ed ukl\u00e1dalo nespo\u010det l\u00e1tek, kter\u00e9 p\u0159\u00edzniv\u011b p\u016fsob\u00ed na lidsk\u00e9 t\u011blo.<\/p>\n\n\n\n<p><\/p>\n\n\n\n<div class=\"wp-block-media-text is-stacked-on-mobile\"><figure class=\"wp-block-media-text__media\"><img loading=\"lazy\" decoding=\"async\" width=\"1024\" height=\"727\" src=\"http:\/\/www.lazne-bitov.cz\/wp-content\/uploads\/2024\/11\/raselina-zabal-web-1024x727.png\" alt=\"\" class=\"wp-image-200 size-full\" srcset=\"https:\/\/www.lazne-bitov.cz\/wp-content\/uploads\/2024\/11\/raselina-zabal-web-1024x727.png 1024w, https:\/\/www.lazne-bitov.cz\/wp-content\/uploads\/2024\/11\/raselina-zabal-web-300x213.png 300w, https:\/\/www.lazne-bitov.cz\/wp-content\/uploads\/2024\/11\/raselina-zabal-web-768x546.png 768w, https:\/\/www.lazne-bitov.cz\/wp-content\/uploads\/2024\/11\/raselina-zabal-web-1536x1091.png 1536w, https:\/\/www.lazne-bitov.cz\/wp-content\/uploads\/2024\/11\/raselina-zabal-web-2048x1455.png 2048w\" sizes=\"auto, (max-width: 1024px) 100vw, 1024px\" \/><\/figure><div class=\"wp-block-media-text__content\">\n<p><strong>Ra\u0161elinov\u00e9 z\u00e1baly a koupele maj\u00ed vynikaj\u00edc\u00ed terapeutick\u00fd efekt na na\u0161e t\u011blo a jejich \u00fa\u010dinky jsou prov\u011b\u0159eny ji\u017e cel\u00fdmi generacemi. Jedn\u00edm z hlavn\u00edch \u00fa\u010dink\u016f, kter\u00e9 ra\u0161elina nab\u00edz\u00ed je h\u0159ejiv\u00fd efekt. Je slo\u017een\u00e1 ze stovek odum\u0159el\u00fdch rostlin a obsahuje velk\u00e9 mno\u017estv\u00ed \u017eivin, miner\u00e1l\u016f, p\u0159\u00edrodn\u00edch stopov\u00fdch prvk\u016f a jin\u00fdch l\u00e1tek. Krom\u011b toho obsahuje t\u0159\u00edsloviny, vosky, enzymy a velmi prosp\u011b\u0161nou kyselinu huminovou. Ra\u0161elina se v\u00fdborn\u011b vst\u0159eb\u00e1v\u00e1 do poko\u017eky, vy\u017eivuje ji, obnovuje a prokrvuje. M\u00e1 vynikaj\u00edc\u00ed antibakteri\u00e1ln\u00ed a detoxika\u010dn\u00ed vlastnosti.<\/strong><\/p>\n<\/div><\/div>\n\n\n\n<h2 class=\"wp-block-heading\">Indikace<\/h2>\n\n\n\n<p>Revmatick\u00e1 onemocn\u011bn\u00ed, bolesti kost\u00ed a kloub\u016f<br>\u00b7 Nervov\u00e1 onemocn\u011bn\u00ed<br>\u00b7 Artr\u00f3za<br>\u00b7 Onemocn\u011bn\u00ed d\u00fdchac\u00edch cest<br>\u00b7 Zlep\u0161en\u00ed \u010dinnosti svalstva a kloub\u016f<br>\u00b7 Hojen\u00ed ekz\u00e9m\u016f, lup\u00e9nky, akn\u00e9<br>\u00b7 Urologick\u00e9 a gynekologick\u00e9 nemoci<br>\u00b7 Choroby tr\u00e1vic\u00edho traktu<\/p>\n\n\n\n<h2 class=\"wp-block-heading\">Kontraindikace<\/h2>\n\n\n\n<p>Ra\u0161elinov\u00fd z\u00e1bal nen\u00ed vhodn\u00fd pro osoby trp\u00edc\u00ed na srde\u010dn\u011b-c\u00e9vn\u00ed onemocn\u011bn\u00ed, po mozkov\u00fdch p\u0159\u00edhod\u00e1ch, pro onkologick\u00e9 pacienty ani t\u011bhotn\u00e9 \u017eeny.<\/p>\n\n\n\n<p><strong>Trv\u00e1n\u00ed proced\u016fry: 30 minut<\/strong><\/p>\n","protected":false},"excerpt":{"rendered":"<p>Mo\u017en\u00e1 jste se ji\u017e s ra\u0161elinou setkali a ani jste si neuv\u011bdomili, s jakou vz\u00e1cnou hmotou m\u00e1te co do \u010din\u011bn\u00ed. Ra\u0161elina je pro n\u00e1s opravdov\u00fdm pokladem. Vznikala v\u00edce ne\u017e tis\u00edcilet\u00ed a b\u011bhem tohoto obdob\u00ed se v n\u00ed ukl\u00e1dalo nespo\u010det l\u00e1tek, kter\u00e9 p\u0159\u00edzniv\u011b p\u016fsob\u00ed na lidsk\u00e9 t\u011blo. Ra\u0161elinov\u00e9 z\u00e1baly a koupele maj\u00ed vynikaj\u00edc\u00ed terapeutick\u00fd efekt na na\u0161e t\u011blo a jejich \u00fa\u010dinky jsou prov\u011b\u0159eny ji\u017e cel\u00fdmi generacemi. Jedn\u00edm z hlavn\u00edch \u00fa\u010dink\u016f, kter\u00e9 ra\u0161elina nab\u00edz\u00ed je h\u0159ejiv\u00fd efekt. Je slo\u017een\u00e1 ze stovek odum\u0159el\u00fdch rostlin a obsahuje velk\u00e9 mno\u017estv\u00ed \u017eivin, miner\u00e1l\u016f, p\u0159\u00edrodn\u00edch stopov\u00fdch prvk\u016f a jin\u00fdch l\u00e1tek. Krom\u011b toho obsahuje t\u0159\u00edsloviny, vosky, enzymy a &hellip; <\/p>\n","protected":false},"author":1,"featured_media":0,"parent":0,"menu_order":0,"comment_status":"closed","ping_status":"closed","template":"","meta":{"footnotes":""},"class_list":["post-205","page","type-page","status-publish","hentry"],"_links":{"self":[{"href":"https:\/\/www.lazne-bitov.cz\/index.php?rest_route=\/wp\/v2\/pages\/205","targetHints":{"allow":["GET"]}}],"collection":[{"href":"https:\/\/www.lazne-bitov.cz\/index.php?rest_route=\/wp\/v2\/pages"}],"about":[{"href":"https:\/\/www.lazne-bitov.cz\/index.php?rest_route=\/wp\/v2\/types\/page"}],"author":[{"embeddable":true,"href":"https:\/\/www.lazne-bitov.cz\/index.php?rest_route=\/wp\/v2\/users\/1"}],"replies":[{"embeddable":true,"href":"https:\/\/www.lazne-bitov.cz\/index.php?rest_route=%2Fwp%2Fv2%2Fcomments&post=205"}],"version-history":[{"count":0,"href":"https:\/\/www.lazne-bitov.cz\/index.php?rest_route=\/wp\/v2\/pages\/205\/revisions"}],"wp:attachment":[{"href":"https:\/\/www.lazne-bitov.cz\/index.php?rest_route=%2Fwp%2Fv2%2Fmedia&parent=205"}],"curies":[{"name":"wp","href":"https:\/\/api.w.org\/{rel}","templated":true}]}}