{"id":226,"date":"2024-11-03T14:12:52","date_gmt":"2024-11-03T14:12:52","guid":{"rendered":"https:\/\/www.lazne-bitov.cz\/?page_id=226"},"modified":"2024-11-19T21:49:27","modified_gmt":"2024-11-19T21:49:27","slug":"bylinna-koupel","status":"publish","type":"page","link":"https:\/\/www.lazne-bitov.cz\/?page_id=226","title":{"rendered":"Bylinn\u00e1 koupel"},"content":{"rendered":"\n<div class=\"wp-block-media-text is-stacked-on-mobile\"><figure class=\"wp-block-media-text__media\"><img loading=\"lazy\" decoding=\"async\" width=\"1024\" height=\"727\" src=\"http:\/\/www.lazne-bitov.cz\/wp-content\/uploads\/2024\/11\/bylinna-web-1024x727.png\" alt=\"\" class=\"wp-image-182 size-full\" srcset=\"https:\/\/www.lazne-bitov.cz\/wp-content\/uploads\/2024\/11\/bylinna-web-1024x727.png 1024w, https:\/\/www.lazne-bitov.cz\/wp-content\/uploads\/2024\/11\/bylinna-web-300x213.png 300w, https:\/\/www.lazne-bitov.cz\/wp-content\/uploads\/2024\/11\/bylinna-web-768x546.png 768w, https:\/\/www.lazne-bitov.cz\/wp-content\/uploads\/2024\/11\/bylinna-web-1536x1091.png 1536w, https:\/\/www.lazne-bitov.cz\/wp-content\/uploads\/2024\/11\/bylinna-web-2048x1455.png 2048w\" sizes=\"auto, (max-width: 1024px) 100vw, 1024px\" \/><\/figure><div class=\"wp-block-media-text__content\">\n<p>Ji\u017e na\u0161i p\u0159edkov\u00e9 vyu\u017e\u00edvali bylinky ve velk\u00e9 m\u00ed\u0159e a nen\u00ed se vlastn\u011b \u010demu divit. L\u00e9ky a potravinov\u00e9 dopl\u0148ky d\u0159\u00edve v\u016fbec neexistovaly a jejich funkci tak plnily pr\u00e1v\u011b rostliny. K \u017e\u00e1douc\u00edm v\u00fdsledk\u016fm je samoz\u0159ejm\u011b nutn\u00e1 znalost jednotliv\u00fdch rostlin. N\u011bkter\u00e9 jsou toti\u017e vhodn\u00e9 nap\u0159\u00edklad k relaxaci, jin\u00e9 naopak k povzbuzen\u00ed organismu. Bylinn\u00e9 koupele p\u016fsob\u00ed d\u00edky teplot\u011b vody na uvoln\u011bn\u00ed sval\u016f a kloub\u016f, stimuluj\u00ed krevn\u00ed ob\u011bh a l\u00e1tkovou v\u00fdm\u011bnu, jsou v\u00fdborn\u00fdm dopl\u0148kem p\u0159i detoxikaci a samoz\u0159ejm\u011b odplavuj\u00ed stres a nap\u011bt\u00ed.<\/p>\n<\/div><\/div>\n\n\n\n<p>V na\u0161ich l\u00e1zn\u00edch nab\u00edz\u00edme na v\u00fdb\u011br hned z n\u011bkolika mo\u017enost\u00ed. M\u016f\u017eete si dop\u0159\u00e1t koupel he\u0159m\u00e1nkovou. He\u0159m\u00e1nek prav\u00fd je d\u00edky vysok\u00e9mu obsahu silic vyu\u017e\u00edv\u00e1n v l\u00e9ka\u0159stv\u00ed \u010di kosmetice. He\u0159m\u00e1nkov\u00e1 koupel je t\u00edm prav\u00fdm pro v\u00e1\u0161 odpo\u010dinek a chvilku klidu.<\/p>\n\n\n\n<p>Nab\u00edz\u00edme tak\u00e9 koupel s p\u0159\u00edsadou medu\u0148ky. Pou\u017eit\u00edm t\u00e9to p\u0159\u00edsady je koupel pov\u00fd\u0161ena na terapeutick\u00fd a aromatick\u00fd z\u00e1\u017eitek. Medu\u0148ka uvol\u0148uje stres a harmonizuje. P\u0159in\u00e1\u0161\u00ed \u00falevu od migr\u00e9n, sni\u017euje bolest u pohmo\u017ed\u011bnin, otok\u016f nebo revmatismu. Silice v listech medu\u0148ky zkvalit\u0148uj\u00ed sp\u00e1nek a zpomaluj\u00ed d\u00fdch\u00e1n\u00ed.<\/p>\n\n\n\n<p>Dal\u0161\u00ed na v\u00fdb\u011br je koupel s p\u0159\u00edsadou levandule. Levandule napom\u00e1h\u00e1 k m\u00edrn\u00e9mu sn\u00ed\u017een\u00ed tlaku a celkov\u00e9mu uklidn\u011bn\u00ed nervov\u00e9 soustavy. Koupel p\u0159isp\u00edv\u00e1 k rychlej\u0161\u00edmu hojen\u00ed ran, k uvoln\u011bn\u00ed bolesti p\u0159\u00ed z\u00e1n\u011btech, revmatismu \u010di dn\u011b. Aroma koupele m\u00e1 harmonizuj\u00edc\u00ed a povzbuzuj\u00edc\u00ed efekt.<\/p>\n\n\n\n<p>Tyto koupele si m\u016f\u017ee dop\u0159\u00e1t ka\u017ed\u00fd, nemaj\u00ed \u017e\u00e1dn\u00e9 vedlej\u0161\u00ed \u00fa\u010dinky.<\/p>\n","protected":false},"excerpt":{"rendered":"<p>Ji\u017e na\u0161i p\u0159edkov\u00e9 vyu\u017e\u00edvali bylinky ve velk\u00e9 m\u00ed\u0159e a nen\u00ed se vlastn\u011b \u010demu divit. L\u00e9ky a potravinov\u00e9 dopl\u0148ky d\u0159\u00edve v\u016fbec neexistovaly a jejich funkci tak plnily pr\u00e1v\u011b rostliny. K \u017e\u00e1douc\u00edm v\u00fdsledk\u016fm je samoz\u0159ejm\u011b nutn\u00e1 znalost jednotliv\u00fdch rostlin. N\u011bkter\u00e9 jsou toti\u017e vhodn\u00e9 nap\u0159\u00edklad k relaxaci, jin\u00e9 naopak k povzbuzen\u00ed organismu. Bylinn\u00e9 koupele p\u016fsob\u00ed d\u00edky teplot\u011b vody na uvoln\u011bn\u00ed sval\u016f a kloub\u016f, stimuluj\u00ed krevn\u00ed ob\u011bh a l\u00e1tkovou v\u00fdm\u011bnu, jsou v\u00fdborn\u00fdm dopl\u0148kem p\u0159i detoxikaci a samoz\u0159ejm\u011b odplavuj\u00ed stres a nap\u011bt\u00ed. V na\u0161ich l\u00e1zn\u00edch nab\u00edz\u00edme na v\u00fdb\u011br hned z n\u011bkolika mo\u017enost\u00ed. M\u016f\u017eete si dop\u0159\u00e1t koupel he\u0159m\u00e1nkovou. He\u0159m\u00e1nek prav\u00fd je d\u00edky vysok\u00e9mu obsahu silic vyu\u017e\u00edv\u00e1n &hellip; <\/p>\n","protected":false},"author":1,"featured_media":0,"parent":0,"menu_order":0,"comment_status":"closed","ping_status":"closed","template":"","meta":{"footnotes":""},"class_list":["post-226","page","type-page","status-publish","hentry"],"_links":{"self":[{"href":"https:\/\/www.lazne-bitov.cz\/index.php?rest_route=\/wp\/v2\/pages\/226","targetHints":{"allow":["GET"]}}],"collection":[{"href":"https:\/\/www.lazne-bitov.cz\/index.php?rest_route=\/wp\/v2\/pages"}],"about":[{"href":"https:\/\/www.lazne-bitov.cz\/index.php?rest_route=\/wp\/v2\/types\/page"}],"author":[{"embeddable":true,"href":"https:\/\/www.lazne-bitov.cz\/index.php?rest_route=\/wp\/v2\/users\/1"}],"replies":[{"embeddable":true,"href":"https:\/\/www.lazne-bitov.cz\/index.php?rest_route=%2Fwp%2Fv2%2Fcomments&post=226"}],"version-history":[{"count":0,"href":"https:\/\/www.lazne-bitov.cz\/index.php?rest_route=\/wp\/v2\/pages\/226\/revisions"}],"wp:attachment":[{"href":"https:\/\/www.lazne-bitov.cz\/index.php?rest_route=%2Fwp%2Fv2%2Fmedia&parent=226"}],"curies":[{"name":"wp","href":"https:\/\/api.w.org\/{rel}","templated":true}]}}