{"id":229,"date":"2024-11-03T14:13:48","date_gmt":"2024-11-03T14:13:48","guid":{"rendered":"https:\/\/www.lazne-bitov.cz\/?page_id=229"},"modified":"2024-11-05T18:46:31","modified_gmt":"2024-11-05T18:46:31","slug":"raselinova-koupel","status":"publish","type":"page","link":"https:\/\/www.lazne-bitov.cz\/?page_id=229","title":{"rendered":"Ra\u0161elinov\u00e1 koupel"},"content":{"rendered":"<p>Vyzkou\u0161ejte osv\u011bd\u010denou p\u0159\u00edrodn\u00ed ra\u0161elinu s blahod\u00e1rn\u00fdmi \u00fa\u010dinky na v\u00e1\u0161 pohybov\u00fd apar\u00e1t, poko\u017eku i unavenou mysl. Budete p\u0159ekvapeni, jak\u00e1 l\u00e9\u010div\u00e1 s\u00edla se v n\u00ed skr\u00fdv\u00e1.<\/p>\n\n\n<div class=\"wp-block-media-text has-media-on-the-right is-stacked-on-mobile\"><div class=\"wp-block-media-text__content\">\n<p><strong>Koupele v ra\u0161elin\u011b jsou jednou z nejstar\u0161\u00edch procedur vyu\u017e\u00edvan\u00fdch p\u0159i l\u00e9\u010db\u011b pohybov\u00e9ho apar\u00e1tu. Tato regenera\u010dn\u00ed koupel p\u016fsob\u00ed blahod\u00e1rn\u011b na t\u011blo i mysl. Aktivn\u00ed l\u00e1tky a miner\u00e1ly uvol\u0148uj\u00ed svaly a tk\u00e1n\u011b, stimuluj\u00ed p\u0159irozen\u00fd cyklus organismu a podporuj\u00ed tak regenaraci a hojen\u00ed.<\/strong><\/p>\n<\/div><figure class=\"wp-block-media-text__media\"><img loading=\"lazy\" decoding=\"async\" width=\"1024\" height=\"727\" src=\"http:\/\/www.lazne-bitov.cz\/wp-content\/uploads\/2024\/11\/raselina-web-1024x727.png\" alt=\"\" class=\"wp-image-178 size-full\" srcset=\"https:\/\/www.lazne-bitov.cz\/wp-content\/uploads\/2024\/11\/raselina-web-1024x727.png 1024w, https:\/\/www.lazne-bitov.cz\/wp-content\/uploads\/2024\/11\/raselina-web-300x213.png 300w, https:\/\/www.lazne-bitov.cz\/wp-content\/uploads\/2024\/11\/raselina-web-768x546.png 768w, https:\/\/www.lazne-bitov.cz\/wp-content\/uploads\/2024\/11\/raselina-web-1536x1091.png 1536w, https:\/\/www.lazne-bitov.cz\/wp-content\/uploads\/2024\/11\/raselina-web-2048x1455.png 2048w\" sizes=\"auto, (max-width: 1024px) 100vw, 1024px\" \/><\/figure><\/div>\n\n\n\n<p>Do p\u0159ipraven\u00e9 koupele z ra\u0161eliny, o teplot\u011b a\u017e 40\u00b0 C, se posad\u00edme a pono\u0159\u00edme a\u017e po krk. Ra\u0161elina je schopna udr\u017eet teplotu po velmi dlouhou dobu a n\u00e1sledn\u011b ji pozvolna uvol\u0148uje. Toto zap\u0159\u00ed\u010di\u0148uje dlouh\u00e9 p\u016fsoben\u00ed konstantn\u00ed teploty na t\u011blo a podporuje zv\u00fd\u0161en\u00ed l\u00e1tkov\u00e9 v\u00fdm\u011bny a tak\u00e9 zat\u011b\u017euje krevn\u00ed ob\u011bh. Z tohoto d\u016fvodu se po p\u0159\u00edrodn\u00ed ra\u0161elinov\u00e9 koupeli doporu\u010duje v\u017edy klidov\u00e1 f\u00e1ze na l\u016f\u017eku.<\/p>\n\n\n\n<h2 class=\"wp-block-heading\">Indikace<\/h2>\n\n\n\n<ul class=\"wp-block-list\">\n<li>Pro osoby posti\u017een\u00e9 chronick\u00fdm onemocn\u011bn\u00edm kloub\u016f a p\u00e1te\u0159e degenerativn\u00edho charakteru.<\/li>\n\n\n\n<li>Pro osoby trp\u00edc\u00ed ko\u017en\u00edmi chorobami, jako je lup\u00e9nka nebo atopick\u00fd ekz\u00e9m.<\/li>\n\n\n\n<li>P\u0159i stresu a nadm\u011brn\u00e9m svalov\u00e9m nap\u011bt\u00ed.<\/li>\n<\/ul>\n\n\n\n<p><\/p>\n\n\n\n<h2 class=\"wp-block-heading\">Kontraindikace<\/h2>\n\n\n\n<p>Ra\u0161elinov\u00e9 koupele nejsou vhodn\u00e9 pro jedince, kte\u0159\u00ed se l\u00e9\u010d\u00ed s\u00a0kardiovaskul\u00e1rn\u00edmi obt\u00ed\u017eemi. Nedoporu\u010duj\u00ed se ani po prod\u011blan\u00e9 c\u00e9vn\u00ed mozkov\u00e9 p\u0159\u00edhod\u011b, p\u0159i onkologick\u00e9m onemocn\u011bn\u00ed a v\u00a0t\u011bhotenstv\u00ed.<\/p>\n","protected":false},"excerpt":{"rendered":"<p>Vyzkou\u0161ejte osv\u011bd\u010denou p\u0159\u00edrodn\u00ed ra\u0161elinu s blahod\u00e1rn\u00fdmi \u00fa\u010dinky na v\u00e1\u0161 pohybov\u00fd apar\u00e1t, poko\u017eku i unavenou mysl. Budete p\u0159ekvapeni, jak\u00e1 l\u00e9\u010div\u00e1 s\u00edla se v n\u00ed skr\u00fdv\u00e1. Koupele v ra\u0161elin\u011b jsou jednou z nejstar\u0161\u00edch procedur vyu\u017e\u00edvan\u00fdch p\u0159i l\u00e9\u010db\u011b pohybov\u00e9ho apar\u00e1tu. Tato regenera\u010dn\u00ed koupel p\u016fsob\u00ed blahod\u00e1rn\u011b na t\u011blo i mysl. Aktivn\u00ed l\u00e1tky a miner\u00e1ly uvol\u0148uj\u00ed svaly a tk\u00e1n\u011b, stimuluj\u00ed p\u0159irozen\u00fd cyklus organismu a podporuj\u00ed tak regenaraci a hojen\u00ed. Do p\u0159ipraven\u00e9 koupele z ra\u0161eliny, o teplot\u011b a\u017e 40\u00b0 C, se posad\u00edme a pono\u0159\u00edme a\u017e po krk. Ra\u0161elina je schopna udr\u017eet teplotu po velmi dlouhou dobu a n\u00e1sledn\u011b ji pozvolna uvol\u0148uje. Toto zap\u0159\u00ed\u010di\u0148uje dlouh\u00e9 p\u016fsoben\u00ed konstantn\u00ed &hellip; <\/p>\n","protected":false},"author":1,"featured_media":0,"parent":0,"menu_order":0,"comment_status":"closed","ping_status":"closed","template":"","meta":{"footnotes":""},"class_list":["post-229","page","type-page","status-publish","hentry"],"_links":{"self":[{"href":"https:\/\/www.lazne-bitov.cz\/index.php?rest_route=\/wp\/v2\/pages\/229","targetHints":{"allow":["GET"]}}],"collection":[{"href":"https:\/\/www.lazne-bitov.cz\/index.php?rest_route=\/wp\/v2\/pages"}],"about":[{"href":"https:\/\/www.lazne-bitov.cz\/index.php?rest_route=\/wp\/v2\/types\/page"}],"author":[{"embeddable":true,"href":"https:\/\/www.lazne-bitov.cz\/index.php?rest_route=\/wp\/v2\/users\/1"}],"replies":[{"embeddable":true,"href":"https:\/\/www.lazne-bitov.cz\/index.php?rest_route=%2Fwp%2Fv2%2Fcomments&post=229"}],"version-history":[{"count":0,"href":"https:\/\/www.lazne-bitov.cz\/index.php?rest_route=\/wp\/v2\/pages\/229\/revisions"}],"wp:attachment":[{"href":"https:\/\/www.lazne-bitov.cz\/index.php?rest_route=%2Fwp%2Fv2%2Fmedia&parent=229"}],"curies":[{"name":"wp","href":"https:\/\/api.w.org\/{rel}","templated":true}]}}