{"id":232,"date":"2024-11-03T14:14:23","date_gmt":"2024-11-03T14:14:23","guid":{"rendered":"https:\/\/www.lazne-bitov.cz\/?page_id=232"},"modified":"2025-05-18T17:42:38","modified_gmt":"2025-05-18T17:42:38","slug":"podvodni-masaz","status":"publish","type":"page","link":"https:\/\/www.lazne-bitov.cz\/?page_id=232","title":{"rendered":"Podvodn\u00ed mas\u00e1\u017e"},"content":{"rendered":"<p>Jej\u00ed p\u0159ednost\u00ed je\u00a0spojen\u00ed mas\u00e1\u017ee s \u00fa\u010dinky tepl\u00e9 koupele a pohybu ve vodn\u00edm prost\u0159ed\u00ed.<\/p>\n\n\n<div class=\"wp-block-media-text is-stacked-on-mobile\"><figure class=\"wp-block-media-text__media\"><img loading=\"lazy\" decoding=\"async\" width=\"1024\" height=\"727\" src=\"http:\/\/www.lazne-bitov.cz\/wp-content\/uploads\/2024\/11\/podvodni-web-1024x727.png\" alt=\"\" class=\"wp-image-180 size-full\" srcset=\"https:\/\/www.lazne-bitov.cz\/wp-content\/uploads\/2024\/11\/podvodni-web-1024x727.png 1024w, https:\/\/www.lazne-bitov.cz\/wp-content\/uploads\/2024\/11\/podvodni-web-300x213.png 300w, https:\/\/www.lazne-bitov.cz\/wp-content\/uploads\/2024\/11\/podvodni-web-768x546.png 768w, https:\/\/www.lazne-bitov.cz\/wp-content\/uploads\/2024\/11\/podvodni-web-1536x1091.png 1536w, https:\/\/www.lazne-bitov.cz\/wp-content\/uploads\/2024\/11\/podvodni-web-2048x1455.png 2048w\" sizes=\"auto, (max-width: 1024px) 100vw, 1024px\" \/><\/figure><div class=\"wp-block-media-text__content\">\n<p>Procedura prob\u00edh\u00e1 ve speci\u00e1ln\u00ed velk\u00e9 van\u011b s vodou o teplot\u011b p\u0159ibli\u017en\u011b&nbsp;37 \u00b0C&nbsp;a pomoc\u00ed trysek, kter\u00e9 jsou ovl\u00e1dan\u00e9 terapeutem. Ten tak m\u016f\u017ee pomoc\u00ed sklonu trysek a jejich vzd\u00e1lenost\u00ed od t\u011bla pacienta m\u011bnit intenzitu i charakter mas\u00e1\u017ee. D\u00edky voliteln\u00e9mu tlaku a nejr\u016fzn\u011bj\u0161\u00edm n\u00e1stavc\u016fm lze rovn\u011b\u017e mas\u00edrovat podle pot\u0159eby rozd\u00edln\u00e9 skupiny svalstva a podko\u017e\u00ed, tedy&nbsp;nejen povrchov\u00e9 svaly, ale rovn\u011b\u017e hloubkov\u00e9.<\/p>\n<\/div><\/div>\n\n\n<p>Samotn\u00e1 mas\u00e1\u017e je zah\u00e1jena vstupem klienta do p\u0159ipraven\u00e9 vodol\u00e9\u010debn\u00e9 vany. Po chvilkov\u00e9 adaptaci je zah\u00e1jena mas\u00e1\u017e intenzivn\u00ed mas\u00e1\u017e proudem z trysek. S\u00edla proudu a intenzita se pr\u016fb\u011b\u017en\u011b st\u0159\u00edd\u00e1. Doba trv\u00e1n\u00ed cel\u00e9 procedury je 25 minut.<\/p>\n<p>Po absolvov\u00e1n\u00ed mas\u00e1\u017ee je patrn\u00e9\u00a0v\u00fdrazn\u00e9 uvoln\u011bn\u00ed svalstva doprov\u00e1zen\u00e9 m\u00edrnou \u00fanavou.\u00a0Rovn\u011b\u017e doch\u00e1z\u00ed k prokrven\u00ed poko\u017eky a podpo\u0159e \u010dinnosti lymfatick\u00e9ho syst\u00e9mu, kter\u00fd je odpov\u011bdn\u00fd za vylu\u010dov\u00e1n\u00ed ne\u017e\u00e1douc\u00edch l\u00e1tek. Relativn\u011b vysok\u00e1 teplota vody ve spojen\u00ed s mas\u00e1\u017e\u00ed p\u0159in\u00e1\u0161\u00ed \u00falevu od p\u0159\u00edpadn\u00e9 bolesti pohybov\u00e9ho apar\u00e1tu a zvy\u0161uje pohyblivost kloub\u016f.\u00a0<\/p>\n<p>Podvodn\u00ed mas\u00e1\u017ee jsou doporu\u010deny p\u0159i chronick\u00fdch z\u00e1n\u011btliv\u00fdch a degenerativn\u00edch onemocn\u011bn\u00edch kloub\u016f a p\u00e1te\u0159e, poruch\u00e1ch prokrven\u00ed, po\u00farazov\u00fdch stavech, otoc\u00edch a samoz\u0159ejm\u011b nelze opomenout ani relaxa\u010dn\u00ed \u00fa\u010dinek.<\/p>\n<p><strong>Celkov\u00fd \u010das procedury : 25 minut<\/strong><\/p>","protected":false},"excerpt":{"rendered":"<p>Jej\u00ed p\u0159ednost\u00ed je\u00a0spojen\u00ed mas\u00e1\u017ee s \u00fa\u010dinky tepl\u00e9 koupele a pohybu ve vodn\u00edm prost\u0159ed\u00ed. Procedura prob\u00edh\u00e1 ve speci\u00e1ln\u00ed velk\u00e9 van\u011b s vodou o teplot\u011b p\u0159ibli\u017en\u011b&nbsp;37 \u00b0C&nbsp;a pomoc\u00ed trysek, kter\u00e9 jsou ovl\u00e1dan\u00e9 terapeutem. Ten tak m\u016f\u017ee pomoc\u00ed sklonu trysek a jejich vzd\u00e1lenost\u00ed od t\u011bla pacienta m\u011bnit intenzitu i charakter mas\u00e1\u017ee. D\u00edky voliteln\u00e9mu tlaku a nejr\u016fzn\u011bj\u0161\u00edm n\u00e1stavc\u016fm lze rovn\u011b\u017e mas\u00edrovat podle pot\u0159eby rozd\u00edln\u00e9 skupiny svalstva a podko\u017e\u00ed, tedy&nbsp;nejen povrchov\u00e9 svaly, ale rovn\u011b\u017e hloubkov\u00e9. Samotn\u00e1 mas\u00e1\u017e je zah\u00e1jena vstupem klienta do p\u0159ipraven\u00e9 vodol\u00e9\u010debn\u00e9 vany. Po chvilkov\u00e9 adaptaci je zah\u00e1jena mas\u00e1\u017e intenzivn\u00ed mas\u00e1\u017e proudem z trysek. S\u00edla proudu a intenzita se pr\u016fb\u011b\u017en\u011b st\u0159\u00edd\u00e1. Doba trv\u00e1n\u00ed &hellip; <\/p>\n","protected":false},"author":1,"featured_media":0,"parent":0,"menu_order":0,"comment_status":"closed","ping_status":"closed","template":"","meta":{"footnotes":""},"class_list":["post-232","page","type-page","status-publish","hentry"],"_links":{"self":[{"href":"https:\/\/www.lazne-bitov.cz\/index.php?rest_route=\/wp\/v2\/pages\/232","targetHints":{"allow":["GET"]}}],"collection":[{"href":"https:\/\/www.lazne-bitov.cz\/index.php?rest_route=\/wp\/v2\/pages"}],"about":[{"href":"https:\/\/www.lazne-bitov.cz\/index.php?rest_route=\/wp\/v2\/types\/page"}],"author":[{"embeddable":true,"href":"https:\/\/www.lazne-bitov.cz\/index.php?rest_route=\/wp\/v2\/users\/1"}],"replies":[{"embeddable":true,"href":"https:\/\/www.lazne-bitov.cz\/index.php?rest_route=%2Fwp%2Fv2%2Fcomments&post=232"}],"version-history":[{"count":0,"href":"https:\/\/www.lazne-bitov.cz\/index.php?rest_route=\/wp\/v2\/pages\/232\/revisions"}],"wp:attachment":[{"href":"https:\/\/www.lazne-bitov.cz\/index.php?rest_route=%2Fwp%2Fv2%2Fmedia&parent=232"}],"curies":[{"name":"wp","href":"https:\/\/api.w.org\/{rel}","templated":true}]}}