{"id":235,"date":"2024-11-03T14:14:55","date_gmt":"2024-11-03T14:14:55","guid":{"rendered":"https:\/\/www.lazne-bitov.cz\/?page_id=235"},"modified":"2024-11-05T18:29:54","modified_gmt":"2024-11-05T18:29:54","slug":"perlicka","status":"publish","type":"page","link":"https:\/\/www.lazne-bitov.cz\/?page_id=235","title":{"rendered":"Perli\u010dka"},"content":{"rendered":"\n<p>Perli\u010dkov\u00e1 koupel je v\u011bt\u0161inou sou\u010d\u00e1st\u00ed l\u00e9\u010debn\u00fdch program\u016f, ov\u0161em je mo\u017en\u00e9 ji zakoupit tak\u00e9 samostatn\u011b za \u00fa\u010delem relaxace a pos\u00edlen\u00ed obranyschopnosti organismu. V takov\u00e9m p\u0159\u00edpad\u011b si p\u0159\u00edjemn\u011b odpo\u010dinete, uvoln\u00edte du\u0161evn\u00ed nap\u011bt\u00ed a z\u00e1rove\u0148 tak\u00e9 podpo\u0159\u00edte sv\u00e9 zdrav\u00ed. Bublinky, kter\u00e9 prostupuj\u00ed vodou, toti\u017e aktivuj\u00ed nervov\u00e1 zakon\u010den\u00ed, mas\u00edruj\u00ed a prokrvuj\u00ed poko\u017eku, a tak doch\u00e1z\u00ed ke stimulaci l\u00e1tkov\u00e9 v\u00fdm\u011bny, tedy i zv\u00fd\u0161en\u00e9mu vylu\u010dov\u00e1n\u00ed ne\u017e\u00e1douc\u00edch a \u0161kodliv\u00fdch l\u00e1tek z t\u011bla. Perli\u010dkov\u00e1 l\u00e1ze\u0148 rovn\u011b\u017e zlep\u0161uje krevn\u00ed ob\u011bh a v d\u016fsledku toho se do tk\u00e1n\u00ed dost\u00e1v\u00e1 nejen v\u00edce kysl\u00edku, ale tak\u00e9 pot\u0159ebn\u00fdch \u017eivin. Svaly tak mohou l\u00e9pe regenerovat a v\u00fd\u0161e zm\u00edn\u011bn\u00e9 \u00fa\u010dinky napom\u00e1haj\u00ed jejich uvoln\u011bn\u00ed a odstran\u011bn\u00ed nap\u011bt\u00ed.<\/p>\n\n\n\n<div class=\"wp-block-media-text is-stacked-on-mobile is-vertically-aligned-center\"><figure class=\"wp-block-media-text__media\"><img loading=\"lazy\" decoding=\"async\" width=\"1024\" height=\"727\" src=\"http:\/\/www.lazne-bitov.cz\/wp-content\/uploads\/2024\/11\/perlicka-web-1024x727.png\" alt=\"\" class=\"wp-image-179 size-full\" srcset=\"https:\/\/www.lazne-bitov.cz\/wp-content\/uploads\/2024\/11\/perlicka-web-1024x727.png 1024w, https:\/\/www.lazne-bitov.cz\/wp-content\/uploads\/2024\/11\/perlicka-web-300x213.png 300w, https:\/\/www.lazne-bitov.cz\/wp-content\/uploads\/2024\/11\/perlicka-web-768x546.png 768w, https:\/\/www.lazne-bitov.cz\/wp-content\/uploads\/2024\/11\/perlicka-web-1536x1091.png 1536w, https:\/\/www.lazne-bitov.cz\/wp-content\/uploads\/2024\/11\/perlicka-web-2048x1455.png 2048w\" sizes=\"auto, (max-width: 1024px) 100vw, 1024px\" \/><\/figure><div class=\"wp-block-media-text__content\">\n<p><strong>L\u00e1ze\u0148 se prov\u00e1d\u00ed ve van\u011b s vodou o teplot\u011b p\u0159ibli\u017en\u011b 37 &#8211; 38 \u00b0C, jde tedy o hypertermickou koupel. Na organismus m\u00e1 tato procedura hned dvoj\u00ed \u00fa\u010dinek. Jednak mas\u00edruje poko\u017eku pomoc\u00ed proud\u00edc\u00edch bublinek a tak\u00e9 <br>p\u016fsob\u00ed svou relativn\u011b vysokou teplotou.<\/strong><\/p>\n<\/div><\/div>\n\n\n\n<h2 class=\"wp-block-heading\">Indikace<\/h2>\n\n\n\n<p>Koupel se doporu\u010duje zejm\u00e9na p\u0159i chorob\u00e1ch pohybov\u00e9ho syst\u00e9mu, bolestech kloub\u016f a p\u00e1te\u0159e, poruch\u00e1ch prokrven\u00ed, d\u00e1le p\u0159i srde\u010dn\u011b c\u00e9vn\u00edch onemocn\u011bn\u00edch, vysok\u00e9m krevn\u00edm tlaku, poruch\u00e1ch sp\u00e1nku, neurotick\u00fdch poruch\u00e1ch, chorobn\u00e9 \u00fanav\u011b, rovn\u011b\u017e zm\u00edr\u0148uje p\u0159\u00edznaky celulitidy a kladn\u011b p\u016fsob\u00ed tak\u00e9 na stav pleti.<\/p>\n\n\n\n<h2 class=\"wp-block-heading\">Kontraindikace<\/h2>\n\n\n\n<p>Perli\u010dkovou koupel nen\u00ed vhodn\u00e9 prov\u00e1d\u011bt v p\u0159\u00edpad\u011b akutn\u00edch infekc\u00ed a otev\u0159en\u00fdch ran.<\/p>\n","protected":false},"excerpt":{"rendered":"<p>Perli\u010dkov\u00e1 koupel je v\u011bt\u0161inou sou\u010d\u00e1st\u00ed l\u00e9\u010debn\u00fdch program\u016f, ov\u0161em je mo\u017en\u00e9 ji zakoupit tak\u00e9 samostatn\u011b za \u00fa\u010delem relaxace a pos\u00edlen\u00ed obranyschopnosti organismu. V takov\u00e9m p\u0159\u00edpad\u011b si p\u0159\u00edjemn\u011b odpo\u010dinete, uvoln\u00edte du\u0161evn\u00ed nap\u011bt\u00ed a z\u00e1rove\u0148 tak\u00e9 podpo\u0159\u00edte sv\u00e9 zdrav\u00ed. Bublinky, kter\u00e9 prostupuj\u00ed vodou, toti\u017e aktivuj\u00ed nervov\u00e1 zakon\u010den\u00ed, mas\u00edruj\u00ed a prokrvuj\u00ed poko\u017eku, a tak doch\u00e1z\u00ed ke stimulaci l\u00e1tkov\u00e9 v\u00fdm\u011bny, tedy i zv\u00fd\u0161en\u00e9mu vylu\u010dov\u00e1n\u00ed ne\u017e\u00e1douc\u00edch a \u0161kodliv\u00fdch l\u00e1tek z t\u011bla. Perli\u010dkov\u00e1 l\u00e1ze\u0148 rovn\u011b\u017e zlep\u0161uje krevn\u00ed ob\u011bh a v d\u016fsledku toho se do tk\u00e1n\u00ed dost\u00e1v\u00e1 nejen v\u00edce kysl\u00edku, ale tak\u00e9 pot\u0159ebn\u00fdch \u017eivin. Svaly tak mohou l\u00e9pe regenerovat a v\u00fd\u0161e zm\u00edn\u011bn\u00e9 \u00fa\u010dinky napom\u00e1haj\u00ed jejich uvoln\u011bn\u00ed a odstran\u011bn\u00ed &hellip; <\/p>\n","protected":false},"author":1,"featured_media":0,"parent":0,"menu_order":0,"comment_status":"closed","ping_status":"closed","template":"","meta":{"footnotes":""},"class_list":["post-235","page","type-page","status-publish","hentry"],"_links":{"self":[{"href":"https:\/\/www.lazne-bitov.cz\/index.php?rest_route=\/wp\/v2\/pages\/235","targetHints":{"allow":["GET"]}}],"collection":[{"href":"https:\/\/www.lazne-bitov.cz\/index.php?rest_route=\/wp\/v2\/pages"}],"about":[{"href":"https:\/\/www.lazne-bitov.cz\/index.php?rest_route=\/wp\/v2\/types\/page"}],"author":[{"embeddable":true,"href":"https:\/\/www.lazne-bitov.cz\/index.php?rest_route=\/wp\/v2\/users\/1"}],"replies":[{"embeddable":true,"href":"https:\/\/www.lazne-bitov.cz\/index.php?rest_route=%2Fwp%2Fv2%2Fcomments&post=235"}],"version-history":[{"count":0,"href":"https:\/\/www.lazne-bitov.cz\/index.php?rest_route=\/wp\/v2\/pages\/235\/revisions"}],"wp:attachment":[{"href":"https:\/\/www.lazne-bitov.cz\/index.php?rest_route=%2Fwp%2Fv2%2Fmedia&parent=235"}],"curies":[{"name":"wp","href":"https:\/\/api.w.org\/{rel}","templated":true}]}}