{"id":241,"date":"2024-11-03T14:16:46","date_gmt":"2024-11-03T14:16:46","guid":{"rendered":"https:\/\/www.lazne-bitov.cz\/?page_id=241"},"modified":"2025-05-18T17:33:34","modified_gmt":"2025-05-18T17:33:34","slug":"koupel-s-kozim-mlekem","status":"publish","type":"page","link":"https:\/\/www.lazne-bitov.cz\/?page_id=241","title":{"rendered":"Koupel s koz\u00edm ml\u00e9kem"},"content":{"rendered":"\n<div class=\"wp-block-media-text has-media-on-the-right is-stacked-on-mobile\"><div class=\"wp-block-media-text__content\">\n<p>Uvoln\u011bte se v koupeli s koz\u00edm ml\u00e9kem. Bu\u010fte jako Kleopatra, kter\u00e1 byla pova\u017eov\u00e1na za nejkr\u00e1sn\u011bj\u0161\u00ed \u017eenu Egypta. \u0158\u00edk\u00e1 se, \u017ee za jej\u00ed bo\u017eskou kr\u00e1sou stoj\u00ed koupele v\u00a0koz\u00edm ml\u00e9ce. Vci\u0165te se do jej\u00ed k\u016f\u017ee s pomoc\u00ed koupele s koz\u00edm ml\u00e9kem. Koupel je vhodn\u00e1 tak\u00e9 pro suchou, nam\u00e1hanou a citlivou ple\u0165. Po koupeli, kter\u00e1 trv\u00e1 20 minut budete je\u0161t\u011b dal\u0161\u00edch 10 minut odpo\u010d\u00edvat v such\u00e9m z\u00e1balu.<\/p>\n<\/div><figure class=\"wp-block-media-text__media\"><img loading=\"lazy\" decoding=\"async\" width=\"1024\" height=\"727\" src=\"http:\/\/www.lazne-bitov.cz\/wp-content\/uploads\/2024\/11\/kozi-mleko-web-1024x727.png\" alt=\"\" class=\"wp-image-186 size-full\" srcset=\"https:\/\/www.lazne-bitov.cz\/wp-content\/uploads\/2024\/11\/kozi-mleko-web-1024x727.png 1024w, https:\/\/www.lazne-bitov.cz\/wp-content\/uploads\/2024\/11\/kozi-mleko-web-300x213.png 300w, https:\/\/www.lazne-bitov.cz\/wp-content\/uploads\/2024\/11\/kozi-mleko-web-768x546.png 768w, https:\/\/www.lazne-bitov.cz\/wp-content\/uploads\/2024\/11\/kozi-mleko-web-1536x1091.png 1536w, https:\/\/www.lazne-bitov.cz\/wp-content\/uploads\/2024\/11\/kozi-mleko-web-2048x1455.png 2048w\" sizes=\"auto, (max-width: 1024px) 100vw, 1024px\" \/><\/figure><\/div>\n\n\n<p>Dop\u0159ejte si tuto blahod\u00e1rnou koupel a sledujte, co s v\u00e1mi ud\u011bl\u00e1:<\/p>\n<ul>\n<li>p\u0159inese v\u00e1m uvoln\u011bn\u00ed<\/li>\n<li>dod\u00e1te sv\u00e9 pleti\u00a0d\u016fle\u017eit\u00e9 miner\u00e1ly, jako jsou v\u00e1pn\u00edk, ho\u0159\u010d\u00edk a vitam\u00edny A a E<\/li>\n<li>zklidn\u00edte svou podr\u00e1\u017ed\u011bnou poko\u017eku a u\u017eijete si p\u0159\u00edjemn\u00fd relax\u00a0 \u00a0\u00a0<\/li>\n<\/ul>\n\n\n<p><strong>Celkov\u00e1 doba procedury : 30 minut<\/strong><\/p>\n","protected":false},"excerpt":{"rendered":"<p>Uvoln\u011bte se v koupeli s koz\u00edm ml\u00e9kem. Bu\u010fte jako Kleopatra, kter\u00e1 byla pova\u017eov\u00e1na za nejkr\u00e1sn\u011bj\u0161\u00ed \u017eenu Egypta. \u0158\u00edk\u00e1 se, \u017ee za jej\u00ed bo\u017eskou kr\u00e1sou stoj\u00ed koupele v\u00a0koz\u00edm ml\u00e9ce. Vci\u0165te se do jej\u00ed k\u016f\u017ee s pomoc\u00ed koupele s koz\u00edm ml\u00e9kem. Koupel je vhodn\u00e1 tak\u00e9 pro suchou, nam\u00e1hanou a citlivou ple\u0165. Po koupeli, kter\u00e1 trv\u00e1 20 minut budete je\u0161t\u011b dal\u0161\u00edch 10 minut odpo\u010d\u00edvat v such\u00e9m z\u00e1balu. Dop\u0159ejte si tuto blahod\u00e1rnou koupel a sledujte, co s v\u00e1mi ud\u011bl\u00e1: p\u0159inese v\u00e1m uvoln\u011bn\u00ed dod\u00e1te sv\u00e9 pleti\u00a0d\u016fle\u017eit\u00e9 miner\u00e1ly, jako jsou v\u00e1pn\u00edk, ho\u0159\u010d\u00edk a vitam\u00edny A a E zklidn\u00edte svou podr\u00e1\u017ed\u011bnou poko\u017eku a u\u017eijete si p\u0159\u00edjemn\u00fd relax\u00a0 &hellip; <\/p>\n","protected":false},"author":1,"featured_media":0,"parent":0,"menu_order":0,"comment_status":"closed","ping_status":"closed","template":"","meta":{"footnotes":""},"class_list":["post-241","page","type-page","status-publish","hentry"],"_links":{"self":[{"href":"https:\/\/www.lazne-bitov.cz\/index.php?rest_route=\/wp\/v2\/pages\/241","targetHints":{"allow":["GET"]}}],"collection":[{"href":"https:\/\/www.lazne-bitov.cz\/index.php?rest_route=\/wp\/v2\/pages"}],"about":[{"href":"https:\/\/www.lazne-bitov.cz\/index.php?rest_route=\/wp\/v2\/types\/page"}],"author":[{"embeddable":true,"href":"https:\/\/www.lazne-bitov.cz\/index.php?rest_route=\/wp\/v2\/users\/1"}],"replies":[{"embeddable":true,"href":"https:\/\/www.lazne-bitov.cz\/index.php?rest_route=%2Fwp%2Fv2%2Fcomments&post=241"}],"version-history":[{"count":0,"href":"https:\/\/www.lazne-bitov.cz\/index.php?rest_route=\/wp\/v2\/pages\/241\/revisions"}],"wp:attachment":[{"href":"https:\/\/www.lazne-bitov.cz\/index.php?rest_route=%2Fwp%2Fv2%2Fmedia&parent=241"}],"curies":[{"name":"wp","href":"https:\/\/api.w.org\/{rel}","templated":true}]}}