{"id":314,"date":"2025-01-18T19:10:50","date_gmt":"2025-01-18T19:10:50","guid":{"rendered":"https:\/\/www.lazne-bitov.cz\/?page_id=314"},"modified":"2026-02-16T10:43:08","modified_gmt":"2026-02-16T10:43:08","slug":"relaxacni-pobyt","status":"publish","type":"page","link":"https:\/\/www.lazne-bitov.cz\/?page_id=314","title":{"rendered":"Relaxa\u010dn\u00ed pobyty"},"content":{"rendered":"\n<div class=\"wp-block-media-text is-stacked-on-mobile\" style=\"grid-template-columns:32% auto\"><figure class=\"wp-block-media-text__media\"><img loading=\"lazy\" decoding=\"async\" width=\"1024\" height=\"721\" src=\"https:\/\/www.lazne-bitov.cz\/wp-content\/uploads\/2025\/09\/vikend2-1024x721.png\" alt=\"\" class=\"wp-image-400 size-full\" srcset=\"https:\/\/www.lazne-bitov.cz\/wp-content\/uploads\/2025\/09\/vikend2-1024x721.png 1024w, https:\/\/www.lazne-bitov.cz\/wp-content\/uploads\/2025\/09\/vikend2-300x211.png 300w, https:\/\/www.lazne-bitov.cz\/wp-content\/uploads\/2025\/09\/vikend2-768x540.png 768w, https:\/\/www.lazne-bitov.cz\/wp-content\/uploads\/2025\/09\/vikend2-1536x1081.png 1536w, https:\/\/www.lazne-bitov.cz\/wp-content\/uploads\/2025\/09\/vikend2-2048x1441.png 2048w\" sizes=\"auto, (max-width: 1024px) 100vw, 1024px\" \/><\/figure><div class=\"wp-block-media-text__content\">\n<p><strong>V\u00cdKENDOV\u00dd RELAX<\/strong><\/p>\n\n\n\n<p>Co\u017e takhle na v\u00edkend vysko\u010dit z toho koloto\u010de shonu, stresu a starost\u00ed. V\u00edkendov\u00fd relax v na\u0161em balneocentru je zajist\u00e9 tou spr\u00e1vnou volbou.<\/p>\n\n\n\n<p><strong>| 3 dny  |<\/strong> 2 noci | s plnou penz\u00ed | 2 procedury <strong>|  K\u010d 4.630,-  |<\/strong><\/p>\n\n\n\n<p><strong>Nyn\u00ed t\u0159i term\u00edny se slevou 15%&nbsp; &nbsp; &nbsp;Pouze K\u010d 3.880,-\/osobu.<\/strong><\/p>\n<\/div><\/div>\n\n\n\n<div class=\"wp-block-buttons is-content-justification-right is-layout-flex wp-container-core-buttons-is-layout-765c4724 wp-block-buttons-is-layout-flex\">\n<div class=\"wp-block-button is-style-outline is-style-outline--1\"><a class=\"wp-block-button__link has-medium-font-size has-text-align-right has-custom-font-size wp-element-button\" href=\"https:\/\/www.lazne-bitov.cz\/?page_id=402\">V\u00edce o nab\u00eddce<\/a><\/div>\n\n\n\n<div class=\"wp-block-button is-style-outline is-style-outline--2\"><a class=\"wp-block-button__link has-medium-font-size has-custom-font-size wp-element-button\" href=\"https:\/\/www.lazne-bitov.cz\/?page_id=109\">Nez\u00e1vazn\u011b objednat<\/a><\/div>\n<\/div>\n\n\n\n<hr class=\"wp-block-separator has-alpha-channel-opacity\"\/>\n\n\n\n<div class=\"wp-block-media-text is-stacked-on-mobile\" style=\"grid-template-columns:32% auto\"><figure class=\"wp-block-media-text__media\"><a href=\"https:\/\/www.lazne-bitov.cz\/?page_id=130\"><img loading=\"lazy\" decoding=\"async\" width=\"1024\" height=\"721\" src=\"https:\/\/www.lazne-bitov.cz\/wp-content\/uploads\/2025\/01\/damy-1024x721.png\" alt=\"\" class=\"wp-image-327 size-full\" srcset=\"https:\/\/www.lazne-bitov.cz\/wp-content\/uploads\/2025\/01\/damy-1024x721.png 1024w, https:\/\/www.lazne-bitov.cz\/wp-content\/uploads\/2025\/01\/damy-300x211.png 300w, https:\/\/www.lazne-bitov.cz\/wp-content\/uploads\/2025\/01\/damy-768x540.png 768w, https:\/\/www.lazne-bitov.cz\/wp-content\/uploads\/2025\/01\/damy-1536x1081.png 1536w, https:\/\/www.lazne-bitov.cz\/wp-content\/uploads\/2025\/01\/damy-2048x1441.png 2048w\" sizes=\"auto, (max-width: 1024px) 100vw, 1024px\" \/><\/a><\/figure><div class=\"wp-block-media-text__content\">\n<div class=\"wp-block-group\"><div class=\"wp-block-group__inner-container is-layout-constrained wp-block-group-is-layout-constrained\">\n<div class=\"wp-block-group is-vertical is-layout-flex wp-container-core-group-is-layout-8cf370e7 wp-block-group-is-layout-flex\">\n<div class=\"wp-block-group is-vertical is-layout-flex wp-container-core-group-is-layout-8cf370e7 wp-block-group-is-layout-flex\">\n<p><strong>D\u00c1MSK\u00c1 J\u00cdZDA<\/strong><\/p>\n\n\n\n<p>Pro\u010d j\u00edt po pr\u00e1ci s k\u00e1mo\u0161kama pouze na kafe. Dop\u0159ejte si relax, z\u00e1bavu a nechte se h\u00fd\u010dkat v na\u0161em balneocetru. Uvid\u00edte, \u017ee se V\u00e1m nebude cht\u00edt ani dom\u016f.<\/p>\n\n\n\n<p><strong>| 3 dny  |<\/strong> 2 noci | s polopenz\u00ed | 5 procedur <strong>|  od K\u010d 3.850,-  |<\/strong><\/p>\n<\/div>\n<\/div>\n<\/div><\/div>\n<\/div><\/div>\n\n\n\n<hr class=\"wp-block-separator has-alpha-channel-opacity\"\/>\n\n\n\n<div class=\"wp-block-media-text is-stacked-on-mobile\" style=\"grid-template-columns:32% auto\"><figure class=\"wp-block-media-text__media\"><a href=\"https:\/\/www.lazne-bitov.cz\/?page_id=328\"><img loading=\"lazy\" decoding=\"async\" width=\"1024\" height=\"721\" src=\"https:\/\/www.lazne-bitov.cz\/wp-content\/uploads\/2025\/01\/romantika2-1024x721.png\" alt=\"\" class=\"wp-image-325 size-full\" srcset=\"https:\/\/www.lazne-bitov.cz\/wp-content\/uploads\/2025\/01\/romantika2-1024x721.png 1024w, https:\/\/www.lazne-bitov.cz\/wp-content\/uploads\/2025\/01\/romantika2-300x211.png 300w, https:\/\/www.lazne-bitov.cz\/wp-content\/uploads\/2025\/01\/romantika2-768x540.png 768w, https:\/\/www.lazne-bitov.cz\/wp-content\/uploads\/2025\/01\/romantika2-1536x1081.png 1536w, https:\/\/www.lazne-bitov.cz\/wp-content\/uploads\/2025\/01\/romantika2-2048x1441.png 2048w\" sizes=\"auto, (max-width: 1024px) 100vw, 1024px\" \/><\/a><\/figure><div class=\"wp-block-media-text__content\">\n<p><strong>ROMANTIKA NA B\u00cdTOV\u011a<\/strong> <\/p>\n\n\n\n<p>M\u00e1te \u010dern\u00e9 sv\u011bdom\u00ed, \u017ee se p\u0159i pracovn\u00ed shonu sv\u00e9mu partnerovi n\u00e1le\u017eit\u011b nev\u011bnujete. My V\u00e1m to pom\u016f\u017eeme napravit! U n\u00e1s se m\u016f\u017eete po celou dobu pobytu v\u011bnovat jeden druh\u00e9mu a ostatn\u00ed u\u017e nechte na n\u00e1s.<\/p>\n\n\n\n<p><strong>| 3 dny |<\/strong>  2 noci  | s polopenz\u00ed  | 3 procedury pro ka\u017ed\u00e9ho <strong>| K\u010d 7.290,- |<\/strong><\/p>\n<\/div><\/div>\n\n\n\n<hr class=\"wp-block-separator has-alpha-channel-opacity\"\/>\n\n\n\n<div class=\"wp-block-media-text is-stacked-on-mobile\" style=\"grid-template-columns:32% auto\"><figure class=\"wp-block-media-text__media\"><img loading=\"lazy\" decoding=\"async\" width=\"1024\" height=\"721\" src=\"https:\/\/www.lazne-bitov.cz\/wp-content\/uploads\/2025\/01\/zkouska-1024x721.png\" alt=\"\" class=\"wp-image-357 size-full\" srcset=\"https:\/\/www.lazne-bitov.cz\/wp-content\/uploads\/2025\/01\/zkouska-1024x721.png 1024w, https:\/\/www.lazne-bitov.cz\/wp-content\/uploads\/2025\/01\/zkouska-300x211.png 300w, https:\/\/www.lazne-bitov.cz\/wp-content\/uploads\/2025\/01\/zkouska-768x540.png 768w, https:\/\/www.lazne-bitov.cz\/wp-content\/uploads\/2025\/01\/zkouska-1536x1081.png 1536w, https:\/\/www.lazne-bitov.cz\/wp-content\/uploads\/2025\/01\/zkouska-2048x1441.png 2048w\" sizes=\"auto, (max-width: 1024px) 100vw, 1024px\" \/><\/figure><div class=\"wp-block-media-text__content\">\n<p><strong>L\u00c1ZN\u011a NA ZKOU\u0160KU<\/strong><\/p>\n\n\n\n<p>Vyzkou\u0161ejte si l\u00e1zn\u011b jen na p\u00e1r noc\u00ed v t\u00fddnu. L\u00e1zn\u011b na zkou\u0161ku jsou pobyt s ka\u017edodenn\u00ed koupel\u00ed dle v\u00fdb\u011bru, jednou termoterapeutickou procedurou a rekondi\u010dn\u00ed vych\u00e1zkou s fyzioterapeutem.<\/p>\n\n\n\n<p><strong>| 4 dny |<\/strong> 3 noci | s polopenz\u00ed | 5 procedur <strong>| K\u010d 5.330,- za osobu| <\/strong><\/p>\n\n\n\n<p><strong>Nyn\u00ed t\u0159i term\u00edny se slevou        &nbsp; &nbsp; &nbsp;Pouze K\u010d 4.470,-\/osobu.<\/strong><\/p>\n<\/div><\/div>\n\n\n\n<div class=\"wp-block-buttons is-content-justification-right is-layout-flex wp-container-core-buttons-is-layout-765c4724 wp-block-buttons-is-layout-flex\">\n<div class=\"wp-block-button is-style-outline is-style-outline--3\"><a class=\"wp-block-button__link wp-element-button\" href=\"https:\/\/www.lazne-bitov.cz\/?page_id=411\">V\u00edce o nab\u00eddce<\/a><\/div>\n\n\n\n<div class=\"wp-block-button is-style-outline is-style-outline--4\"><a class=\"wp-block-button__link wp-element-button\" href=\"https:\/\/www.lazne-bitov.cz\/?page_id=109\">Nez\u00e1vazn\u011b objednat<\/a><\/div>\n<\/div>\n\n\n\n<hr class=\"wp-block-separator has-alpha-channel-opacity\"\/>\n\n\n\n<p><\/p>\n","protected":false},"excerpt":{"rendered":"<p>V\u00cdKENDOV\u00dd RELAX Co\u017e takhle na v\u00edkend vysko\u010dit z toho koloto\u010de shonu, stresu a starost\u00ed. V\u00edkendov\u00fd relax v na\u0161em balneocentru je zajist\u00e9 tou spr\u00e1vnou volbou. | 3 dny | 2 noci | s plnou penz\u00ed | 2 procedury | K\u010d 4.630,- | Nyn\u00ed t\u0159i term\u00edny se slevou 15%&nbsp; &nbsp; &nbsp;Pouze K\u010d 3.880,-\/osobu. ROMANTIKA NA B\u00cdTOV\u011a M\u00e1te \u010dern\u00e9 sv\u011bdom\u00ed, \u017ee se p\u0159i pracovn\u00ed shonu sv\u00e9mu partnerovi n\u00e1le\u017eit\u011b nev\u011bnujete. My V\u00e1m to pom\u016f\u017eeme napravit! U n\u00e1s se m\u016f\u017eete po celou dobu pobytu v\u011bnovat jeden druh\u00e9mu a ostatn\u00ed u\u017e nechte na n\u00e1s. | 3 dny | 2 noci | s polopenz\u00ed | 3 procedury &hellip; <\/p>\n","protected":false},"author":1,"featured_media":0,"parent":0,"menu_order":0,"comment_status":"closed","ping_status":"closed","template":"","meta":{"footnotes":""},"class_list":["post-314","page","type-page","status-publish","hentry"],"_links":{"self":[{"href":"https:\/\/www.lazne-bitov.cz\/index.php?rest_route=\/wp\/v2\/pages\/314","targetHints":{"allow":["GET"]}}],"collection":[{"href":"https:\/\/www.lazne-bitov.cz\/index.php?rest_route=\/wp\/v2\/pages"}],"about":[{"href":"https:\/\/www.lazne-bitov.cz\/index.php?rest_route=\/wp\/v2\/types\/page"}],"author":[{"embeddable":true,"href":"https:\/\/www.lazne-bitov.cz\/index.php?rest_route=\/wp\/v2\/users\/1"}],"replies":[{"embeddable":true,"href":"https:\/\/www.lazne-bitov.cz\/index.php?rest_route=%2Fwp%2Fv2%2Fcomments&post=314"}],"version-history":[{"count":0,"href":"https:\/\/www.lazne-bitov.cz\/index.php?rest_route=\/wp\/v2\/pages\/314\/revisions"}],"wp:attachment":[{"href":"https:\/\/www.lazne-bitov.cz\/index.php?rest_route=%2Fwp%2Fv2%2Fmedia&parent=314"}],"curies":[{"name":"wp","href":"https:\/\/api.w.org\/{rel}","templated":true}]}}