{"id":429,"date":"2026-01-25T18:48:22","date_gmt":"2026-01-25T18:48:22","guid":{"rendered":"https:\/\/www.lazne-bitov.cz\/?page_id=429"},"modified":"2026-01-25T19:25:47","modified_gmt":"2026-01-25T19:25:47","slug":"seniorsky-lazensky-pobyt-s-programem","status":"publish","type":"page","link":"https:\/\/www.lazne-bitov.cz\/?page_id=429","title":{"rendered":"Seniorsk\u00fd l\u00e1ze\u0148sk\u00fd pobyt s programem"},"content":{"rendered":"\n<div class=\"wp-block-cover is-light\" style=\"min-height:191px;aspect-ratio:unset;\"><span aria-hidden=\"true\" class=\"wp-block-cover__background has-vivid-green-cyan-background-color has-background-dim-100 has-background-dim\"><\/span><div class=\"wp-block-cover__inner-container is-layout-constrained wp-block-cover-is-layout-constrained\">\n<p class=\"has-text-align-center has-medium-font-size\">8 dn\u016f \/ 7 noc\u00ed \/ s plnou penz\u00ed \/ 16 procedur <\/p>\n\n\n\n<p class=\"has-text-align-center\"><strong>s dopravou K\u010d 13.990,- <\/strong>&#8211; n\u00e1stupn\u00ed m\u00edsta: Praha, Humpolec, Jihlava<\/p>\n\n\n\n<p class=\"has-text-align-center\"> <strong>bez dopravy K\u010d 12.990,-<\/strong><\/p>\n<\/div><\/div>\n\n\n\n<div class=\"wp-block-media-text is-stacked-on-mobile\"><figure class=\"wp-block-media-text__media\"><img loading=\"lazy\" decoding=\"async\" width=\"658\" height=\"688\" src=\"http:\/\/www.lazne-bitov.cz\/wp-content\/uploads\/2026\/01\/seniori1.png\" alt=\"\" class=\"wp-image-431 size-full\" srcset=\"https:\/\/www.lazne-bitov.cz\/wp-content\/uploads\/2026\/01\/seniori1.png 658w, https:\/\/www.lazne-bitov.cz\/wp-content\/uploads\/2026\/01\/seniori1-287x300.png 287w\" sizes=\"auto, (max-width: 658px) 100vw, 658px\" \/><\/figure><div class=\"wp-block-media-text__content\">\n<p class=\"has-light-green-cyan-background-color has-background\">Bal\u00ed\u010dek zahrnuje na osobu :<\/p>\n\n\n\n<p class=\"has-light-green-cyan-background-color has-background\">* 7 noc\u00ed ve dvoul\u016f\u017ekov\u00e9m pokoji<br>* 7 x sn\u00eddan\u011b formou bufetu<br>* 7 x serv\u00edrovan\u00fd ob\u011bd<br>* 7 x serv\u00edrovan\u00e1 ve\u010de\u0159e<br>* vstupn\u00ed konzultace <br>* 16 procedur<br>* rekondi\u010dn\u00ed proch\u00e1zka na hrad<br>* prohl\u00eddka hradu B\u00edtov a z\u00e1mku Uher\u010dice<\/p>\n\n\n\n<p><strong>Term\u00edn : 15. &#8211; 22.3.2026<\/strong><\/p>\n<\/div><\/div>\n\n\n\n<p>N\u00e1stupn\u00edm dnem je ned\u011ble, pobyt za\u010d\u00edna ob\u011bdem a kon\u010d\u00ed po t\u00fddnu ned\u011bln\u00ed sn\u00eddan\u00ed. Sn\u00eddan\u011b (7:30 &#8211; 9:30) jsou formou bufetu, ob\u011bdy (12:00) jsou serv\u00edrovan\u00e9, v\u017edy v\u00fdb\u011br ze dvou j\u00eddel, stejn\u011b tak ve\u010de\u0159e (18:00) .  V den p\u0159\u00edjezdu po ob\u011bd\u011b je pl\u00e1novan\u00e1 prohl\u00eddka z\u00e1mku v Uhe\u010dic\u00edch, vstupn\u00e9 je v cen\u011b pobytu. Po n\u00e1vratu pak prob\u011bhne individu\u00e1ln\u00ed rozpis proceder s fyzioterapeutem dle Va\u0161eho konkr\u00e9tn\u00edho zdravotn\u00edho stavu.<\/p>\n\n\n\n<p>Program po ve\u010de\u0159i ( od 19:30 v hotelov\u00e9 vin\u00e1rn\u011b) :                                                                                16.3.2026 &#8211; \u0159\u00edzen\u00e1 degustace v\u00edn z vina\u0159stv\u00ed THAYA ( vina\u0159stv\u00ed roku 2023)                                          17.3.2026 &#8211; odborn\u00e1 p\u0159edn\u00e1\u0161ka o zdrav\u00e9m \u017eivotn\u00edm stylu v seniorsk\u00e9m v\u011bku                                  19.3.2026 &#8211; odborn\u00e1 p\u0159edn\u00e1\u0161ka s nutri\u010dn\u00edm specialistou o vhodn\u00e9 strav\u011b,diet\u00e1ch a dopl\u0148c\u00edch stravy  21.3.2026 &#8211; ve\u010der s \u017eivou hudbou                                                                                                                   P\u0159i sobotn\u00ed rekondi\u010dn\u00ed proch\u00e1zce s fyzioterapeutem nav\u0161t\u00edv\u00edte hrad B\u00edtov. Prohl\u00eddka hradn\u00edho pal\u00e1ce je zahrnuta v pobytu, tak\u017ee \u017e\u00e1dn\u00e9 vstupn\u00e9 ji\u017e neplat\u00edte. Uveden\u00e1 cena za bal\u00ed\u010dek slu\u017eeb je ji\u017e kone\u010dn\u00e1, zahrnuje tedy v\u0161echny dan\u011b a m\u00edstn\u00ed poplatky.<\/p>\n\n\n\n<div class=\"wp-block-buttons is-layout-flex wp-block-buttons-is-layout-flex\">\n<div class=\"wp-block-button has-custom-width wp-block-button__width-100\"><a class=\"wp-block-button__link has-light-green-cyan-background-color has-background wp-element-button\" href=\"https:\/\/www.lazne-bitov.cz\/?page_id=433\">Nez\u00e1vazn\u011b objednat<\/a><\/div>\n<\/div>\n\n\n\n<p><\/p>\n","protected":false},"excerpt":{"rendered":"<p>Bal\u00ed\u010dek zahrnuje na osobu : * 7 noc\u00ed ve dvoul\u016f\u017ekov\u00e9m pokoji* 7 x sn\u00eddan\u011b formou bufetu* 7 x serv\u00edrovan\u00fd ob\u011bd* 7 x serv\u00edrovan\u00e1 ve\u010de\u0159e* vstupn\u00ed konzultace * 16 procedur* rekondi\u010dn\u00ed proch\u00e1zka na hrad* prohl\u00eddka hradu B\u00edtov a z\u00e1mku Uher\u010dice Term\u00edn : 15. &#8211; 22.3.2026 N\u00e1stupn\u00edm dnem je ned\u011ble, pobyt za\u010d\u00edna ob\u011bdem a kon\u010d\u00ed po t\u00fddnu ned\u011bln\u00ed sn\u00eddan\u00ed. Sn\u00eddan\u011b (7:30 &#8211; 9:30) jsou formou bufetu, ob\u011bdy (12:00) jsou serv\u00edrovan\u00e9, v\u017edy v\u00fdb\u011br ze dvou j\u00eddel, stejn\u011b tak ve\u010de\u0159e (18:00) . V den p\u0159\u00edjezdu po ob\u011bd\u011b je pl\u00e1novan\u00e1 prohl\u00eddka z\u00e1mku v Uhe\u010dic\u00edch, vstupn\u00e9 je v cen\u011b pobytu. Po n\u00e1vratu pak prob\u011bhne individu\u00e1ln\u00ed rozpis &hellip; <\/p>\n","protected":false},"author":1,"featured_media":0,"parent":0,"menu_order":0,"comment_status":"closed","ping_status":"closed","template":"","meta":{"footnotes":""},"class_list":["post-429","page","type-page","status-publish","hentry"],"_links":{"self":[{"href":"https:\/\/www.lazne-bitov.cz\/index.php?rest_route=\/wp\/v2\/pages\/429","targetHints":{"allow":["GET"]}}],"collection":[{"href":"https:\/\/www.lazne-bitov.cz\/index.php?rest_route=\/wp\/v2\/pages"}],"about":[{"href":"https:\/\/www.lazne-bitov.cz\/index.php?rest_route=\/wp\/v2\/types\/page"}],"author":[{"embeddable":true,"href":"https:\/\/www.lazne-bitov.cz\/index.php?rest_route=\/wp\/v2\/users\/1"}],"replies":[{"embeddable":true,"href":"https:\/\/www.lazne-bitov.cz\/index.php?rest_route=%2Fwp%2Fv2%2Fcomments&post=429"}],"version-history":[{"count":0,"href":"https:\/\/www.lazne-bitov.cz\/index.php?rest_route=\/wp\/v2\/pages\/429\/revisions"}],"wp:attachment":[{"href":"https:\/\/www.lazne-bitov.cz\/index.php?rest_route=%2Fwp%2Fv2%2Fmedia&parent=429"}],"curies":[{"name":"wp","href":"https:\/\/api.w.org\/{rel}","templated":true}]}}