{"id":450,"date":"2026-02-13T12:12:18","date_gmt":"2026-02-13T12:12:18","guid":{"rendered":"https:\/\/www.lazne-bitov.cz\/?page_id=450"},"modified":"2026-04-17T19:31:09","modified_gmt":"2026-04-17T19:31:09","slug":"intenzivni-fyzioterapeuticky-pobyt","status":"publish","type":"page","link":"https:\/\/www.lazne-bitov.cz\/?page_id=450","title":{"rendered":"Intenzivn\u00ed fyzioterapeutick\u00fd pobyt"},"content":{"rendered":"\n<div class=\"wp-block-cover is-light\" style=\"min-height:129px;aspect-ratio:unset;\"><span aria-hidden=\"true\" class=\"wp-block-cover__background has-vivid-green-cyan-background-color has-background-dim-100 has-background-dim\"><\/span><div class=\"wp-block-cover__inner-container is-layout-constrained wp-block-cover-is-layout-constrained\">\n<p class=\"has-text-align-center has-medium-font-size\"><strong>| 5 dn\u016f |<\/strong> 4 noci | s polopenz\u00ed | 7 procedur<strong>| K\u010d 7.950,- za osobu |<\/strong><\/p>\n<\/div><\/div>\n\n\n\n<div class=\"wp-block-media-text is-stacked-on-mobile\"><figure class=\"wp-block-media-text__media\"><img loading=\"lazy\" decoding=\"async\" width=\"634\" height=\"603\" src=\"http:\/\/www.lazne-bitov.cz\/wp-content\/uploads\/2026\/02\/elektrolecba.png\" alt=\"\" class=\"wp-image-451 size-full\" srcset=\"https:\/\/www.lazne-bitov.cz\/wp-content\/uploads\/2026\/02\/elektrolecba.png 634w, https:\/\/www.lazne-bitov.cz\/wp-content\/uploads\/2026\/02\/elektrolecba-300x285.png 300w\" sizes=\"auto, (max-width: 634px) 100vw, 634px\" \/><\/figure><div class=\"wp-block-media-text__content\">\n<p class=\"has-light-green-cyan-background-color has-background\">Bal\u00ed\u010dek zahrnuje na osobu:<\/p>\n\n\n\n<p class=\"has-light-green-cyan-background-color has-background\">* 4 noci ve dvoul\u016f\u017ekov\u00e9m pokoji<br>* 4 x sn\u00eddan\u011b formou bufetu<br>* 4 x serv\u00edrovan\u00e1 ve\u010de\u0159e<br>* vstupn\u00ed konzultace <br>* 6 fyzioterapeutick\u00fdch procedur<br>* rekondi\u010dn\u00ed proch\u00e1zka na hrad<br>* prohl\u00eddka hradu B\u00edtov<br><br>Term\u00edny : celoro\u010dn\u011b ( od st\u0159edy do ned\u011ble )<\/p>\n<\/div><\/div>\n\n\n\n<p>N\u00e1stupn\u00edm dnem je st\u0159eda, pobyt za\u010d\u00edn\u00e1 ve\u010de\u0159\u00ed a kon\u010d\u00ed ned\u011bln\u00ed sn\u00eddan\u00ed. Sn\u00eddan\u011b (7:30 &#8211; 9:30) jsou formou bufetu, ve\u010de\u0159e (18:00 &#8211; 20:00) jsou serv\u00edrovan\u00e9, v\u017edy v\u00fdb\u011br ze dvou j\u00eddel. Ve v\u0161edn\u00ed dny, tedy st\u0159eda a\u017e p\u00e1tek nav\u00edc v \u010dase 15:00 &#8211; 17:00 &#8222;Odpoledn\u00ed tlach\u00e1n\u00ed&#8220; v restauraci s nab\u00eddkou k\u00e1vy a sladk\u00e9ho bufetu all inclusive.         K p\u00e1te\u010dn\u00ed a sobotn\u00ed ve\u010de\u0159i v \u010dase 18:00 &#8211; 20:00 jsou vybran\u00e1 v\u00edna a pivo bez omezen\u00ed v cen\u011b pobytu. P\u0159i sobotn\u00ed rekondi\u010dn\u00ed proch\u00e1zce s fyzioterapeutem nav\u0161t\u00edv\u00edte hrad B\u00edtov. Prohl\u00eddka hradn\u00edho pal\u00e1ce je zahrnuta v pobytu, tak\u017ee \u017e\u00e1dn\u00e9 vstupn\u00e9 ji\u017e neplat\u00edte. Uveden\u00e1 cena za bal\u00ed\u010dek slu\u017eeb je ji\u017e kone\u010dn\u00e1, zahrnuje tedy v\u0161echny dan\u011b a m\u00edstn\u00ed poplatky.<\/p>\n\n\n\n<div class=\"wp-block-buttons is-layout-flex wp-block-buttons-is-layout-flex\">\n<div class=\"wp-block-button has-custom-width wp-block-button__width-100\"><a class=\"wp-block-button__link has-black-color has-light-green-cyan-background-color has-text-color has-background has-link-color has-text-align-center wp-element-button\" href=\"https:\/\/www.lazne-bitov.cz\/?page_id=109\">   Naz\u00e1vazn\u011b objednat<\/a><\/div>\n<\/div>\n","protected":false},"excerpt":{"rendered":"<p>Bal\u00ed\u010dek zahrnuje na osobu: * 4 noci ve dvoul\u016f\u017ekov\u00e9m pokoji* 4 x sn\u00eddan\u011b formou bufetu* 4 x serv\u00edrovan\u00e1 ve\u010de\u0159e* vstupn\u00ed konzultace * 6 fyzioterapeutick\u00fdch procedur* rekondi\u010dn\u00ed proch\u00e1zka na hrad* prohl\u00eddka hradu B\u00edtov Term\u00edny : celoro\u010dn\u011b ( od st\u0159edy do ned\u011ble ) N\u00e1stupn\u00edm dnem je st\u0159eda, pobyt za\u010d\u00edn\u00e1 ve\u010de\u0159\u00ed a kon\u010d\u00ed ned\u011bln\u00ed sn\u00eddan\u00ed. Sn\u00eddan\u011b (7:30 &#8211; 9:30) jsou formou bufetu, ve\u010de\u0159e (18:00 &#8211; 20:00) jsou serv\u00edrovan\u00e9, v\u017edy v\u00fdb\u011br ze dvou j\u00eddel. Ve v\u0161edn\u00ed dny, tedy st\u0159eda a\u017e p\u00e1tek nav\u00edc v \u010dase 15:00 &#8211; 17:00 &#8222;Odpoledn\u00ed tlach\u00e1n\u00ed&#8220; v restauraci s nab\u00eddkou k\u00e1vy a sladk\u00e9ho bufetu all inclusive. K p\u00e1te\u010dn\u00ed a sobotn\u00ed ve\u010de\u0159i &hellip; <\/p>\n","protected":false},"author":1,"featured_media":0,"parent":0,"menu_order":0,"comment_status":"closed","ping_status":"closed","template":"","meta":{"footnotes":""},"class_list":["post-450","page","type-page","status-publish","hentry"],"_links":{"self":[{"href":"https:\/\/www.lazne-bitov.cz\/index.php?rest_route=\/wp\/v2\/pages\/450","targetHints":{"allow":["GET"]}}],"collection":[{"href":"https:\/\/www.lazne-bitov.cz\/index.php?rest_route=\/wp\/v2\/pages"}],"about":[{"href":"https:\/\/www.lazne-bitov.cz\/index.php?rest_route=\/wp\/v2\/types\/page"}],"author":[{"embeddable":true,"href":"https:\/\/www.lazne-bitov.cz\/index.php?rest_route=\/wp\/v2\/users\/1"}],"replies":[{"embeddable":true,"href":"https:\/\/www.lazne-bitov.cz\/index.php?rest_route=%2Fwp%2Fv2%2Fcomments&post=450"}],"version-history":[{"count":0,"href":"https:\/\/www.lazne-bitov.cz\/index.php?rest_route=\/wp\/v2\/pages\/450\/revisions"}],"wp:attachment":[{"href":"https:\/\/www.lazne-bitov.cz\/index.php?rest_route=%2Fwp%2Fv2%2Fmedia&parent=450"}],"curies":[{"name":"wp","href":"https:\/\/api.w.org\/{rel}","templated":true}]}}