{"id":6,"date":"2024-11-01T11:29:34","date_gmt":"2024-11-01T11:29:34","guid":{"rendered":"http:\/\/www.lazne-bitov.cz\/?page_id=6"},"modified":"2024-11-01T18:08:26","modified_gmt":"2024-11-01T18:08:26","slug":"domu","status":"publish","type":"page","link":"https:\/\/www.lazne-bitov.cz\/?page_id=6","title":{"rendered":"O n\u00e1s"},"content":{"rendered":"\n<div class=\"wp-block-media-text is-stacked-on-mobile\"><figure class=\"wp-block-media-text__media\"><img loading=\"lazy\" decoding=\"async\" width=\"1024\" height=\"683\" src=\"http:\/\/www.lazne-bitov.cz\/wp-content\/uploads\/2024\/11\/viriva-koupel-1024x683.jpg\" alt=\"\" class=\"wp-image-38 size-full\" srcset=\"https:\/\/www.lazne-bitov.cz\/wp-content\/uploads\/2024\/11\/viriva-koupel-1024x683.jpg 1024w, https:\/\/www.lazne-bitov.cz\/wp-content\/uploads\/2024\/11\/viriva-koupel-300x200.jpg 300w, https:\/\/www.lazne-bitov.cz\/wp-content\/uploads\/2024\/11\/viriva-koupel-768x512.jpg 768w, https:\/\/www.lazne-bitov.cz\/wp-content\/uploads\/2024\/11\/viriva-koupel-370x247.jpg 370w, https:\/\/www.lazne-bitov.cz\/wp-content\/uploads\/2024\/11\/viriva-koupel-776x517.jpg 776w, https:\/\/www.lazne-bitov.cz\/wp-content\/uploads\/2024\/11\/viriva-koupel.jpg 1200w\" sizes=\"auto, (max-width: 1024px) 100vw, 1024px\" \/><\/figure><div class=\"wp-block-media-text__content\">\n<p>Nab\u00edz\u00edme komfortn\u00ed ubytov\u00e1n\u00ed ve dvou, t\u0159\u00ed nebo \u010dty\u0159l\u016f\u017ekov\u00fdch pokoj\u00edch s celkovou kapacitou 95 l\u016f\u017eek. Host\u00e9 maj\u00ed k dispozici restauraci s venkovn\u00ed terasou, vin\u00e1rnu s tane\u010dn\u00edm parketem, venkovn\u00ed baz\u00e9n. K proch\u00e1zk\u00e1m vyb\u00edz\u00ed zahradn\u00ed are\u00e1l s venkovn\u00edm p\u00f3diem, kde po\u0159\u00e1d\u00e1me doprovodn\u00e9 kulturn\u00ed akce. Posed\u011bt lze tak\u00e9 u zahradn\u00edho degusta\u010dn\u00edho st\u00e1nku na vyhl\u00eddce &#8220; Hv\u011bzdi\u010dka&#8220; p\u0159\u00edmo nad b\u00edtovskou z\u00e1tokou p\u0159ehrady. Relaxa\u010dn\u00ed a rekondi\u010dn\u00ed terapie v\u010detn\u011b mas\u00e1\u017e\u00ed poskytujeme p\u0159\u00edmo v hotelu, nen\u00ed tedy nutn\u00e9 nikam p\u0159ech\u00e1zet.<\/p>\n<\/div><\/div>\n","protected":false},"excerpt":{"rendered":"<p>Nab\u00edz\u00edme komfortn\u00ed ubytov\u00e1n\u00ed ve dvou, t\u0159\u00ed nebo \u010dty\u0159l\u016f\u017ekov\u00fdch pokoj\u00edch s celkovou kapacitou 95 l\u016f\u017eek. Host\u00e9 maj\u00ed k dispozici restauraci s venkovn\u00ed terasou, vin\u00e1rnu s tane\u010dn\u00edm parketem, venkovn\u00ed baz\u00e9n. K proch\u00e1zk\u00e1m vyb\u00edz\u00ed zahradn\u00ed are\u00e1l s venkovn\u00edm p\u00f3diem, kde po\u0159\u00e1d\u00e1me doprovodn\u00e9 kulturn\u00ed akce. Posed\u011bt lze tak\u00e9 u zahradn\u00edho degusta\u010dn\u00edho st\u00e1nku na vyhl\u00eddce &#8220; Hv\u011bzdi\u010dka&#8220; p\u0159\u00edmo nad b\u00edtovskou z\u00e1tokou p\u0159ehrady. Relaxa\u010dn\u00ed a rekondi\u010dn\u00ed terapie v\u010detn\u011b mas\u00e1\u017e\u00ed poskytujeme p\u0159\u00edmo v hotelu, nen\u00ed tedy nutn\u00e9 nikam p\u0159ech\u00e1zet.<\/p>\n","protected":false},"author":1,"featured_media":0,"parent":0,"menu_order":0,"comment_status":"closed","ping_status":"closed","template":"","meta":{"footnotes":""},"class_list":["post-6","page","type-page","status-publish","hentry"],"_links":{"self":[{"href":"https:\/\/www.lazne-bitov.cz\/index.php?rest_route=\/wp\/v2\/pages\/6","targetHints":{"allow":["GET"]}}],"collection":[{"href":"https:\/\/www.lazne-bitov.cz\/index.php?rest_route=\/wp\/v2\/pages"}],"about":[{"href":"https:\/\/www.lazne-bitov.cz\/index.php?rest_route=\/wp\/v2\/types\/page"}],"author":[{"embeddable":true,"href":"https:\/\/www.lazne-bitov.cz\/index.php?rest_route=\/wp\/v2\/users\/1"}],"replies":[{"embeddable":true,"href":"https:\/\/www.lazne-bitov.cz\/index.php?rest_route=%2Fwp%2Fv2%2Fcomments&post=6"}],"version-history":[{"count":0,"href":"https:\/\/www.lazne-bitov.cz\/index.php?rest_route=\/wp\/v2\/pages\/6\/revisions"}],"wp:attachment":[{"href":"https:\/\/www.lazne-bitov.cz\/index.php?rest_route=%2Fwp%2Fv2%2Fmedia&parent=6"}],"curies":[{"name":"wp","href":"https:\/\/api.w.org\/{rel}","templated":true}]}}